{"id":9,"date":"2019-02-20T20:48:51","date_gmt":"2019-02-20T19:48:51","guid":{"rendered":"http:\/\/letempledeschats.fr\/?page_id=9"},"modified":"2019-07-09T18:18:25","modified_gmt":"2019-07-09T16:18:25","slug":"fiche-signaletique","status":"publish","type":"page","link":"https:\/\/letempledeschats.fr\/index.php\/fiche-signaletique\/","title":{"rendered":"Fiche signal\u00e9tique"},"content":{"rendered":"<h2>Vous avez r\u00e9serv\u00e9 une place pour votre chat dans notre pension ? Nous avons besoin de savoir quelques petites choses sur votre compagnon, pour nous occuper au mieux de lui. Veuillez remplir ce questionnaire signal\u00e9tique de renseignements rapide.<\/h2>\n\n<div class=\"wpcf7 no-js\" id=\"wpcf7-f55-o1\" lang=\"fr-FR\" dir=\"ltr\">\n<div class=\"screen-reader-response\"><p role=\"status\" aria-live=\"polite\" aria-atomic=\"true\"><\/p> <ul><\/ul><\/div>\n<form action=\"\/index.php\/wp-json\/wp\/v2\/pages\/9#wpcf7-f55-o1\" method=\"post\" class=\"wpcf7-form init\" aria-label=\"Formulaire de contact\" novalidate=\"novalidate\" data-status=\"init\">\n<div style=\"display: none;\">\n<input type=\"hidden\" name=\"_wpcf7\" value=\"55\" \/>\n<input type=\"hidden\" name=\"_wpcf7_version\" value=\"5.9.4\" \/>\n<input type=\"hidden\" name=\"_wpcf7_locale\" value=\"fr_FR\" \/>\n<input type=\"hidden\" name=\"_wpcf7_unit_tag\" value=\"wpcf7-f55-o1\" \/>\n<input type=\"hidden\" name=\"_wpcf7_container_post\" value=\"0\" \/>\n<input type=\"hidden\" name=\"_wpcf7_posted_data_hash\" value=\"\" \/>\n<input type=\"hidden\" name=\"_wpcf7_recaptcha_response\" value=\"\" \/>\n<\/div>\n<p><label> Votre nom (obligatoire)<br \/>\n<span class=\"wpcf7-form-control-wrap\" data-name=\"nomproprietaire\"><input size=\"40\" class=\"wpcf7-form-control wpcf7-text wpcf7-validates-as-required\" aria-required=\"true\" aria-invalid=\"false\" value=\"\" type=\"text\" name=\"nomproprietaire\" \/><\/span> <\/label>\n<\/p>\n<p><label> Le nom de la personne \u00e0 contacter en cas d'urgence ou si vous ne pouvez r\u00e9cup\u00e9rer votre chat)<br \/>\n<span class=\"wpcf7-form-control-wrap\" data-name=\"personnemandatee\"><input size=\"40\" class=\"wpcf7-form-control wpcf7-text\" aria-invalid=\"false\" value=\"\" type=\"text\" name=\"personnemandatee\" \/><\/span> <\/label>\n<\/p>\n<p><label> num\u00e9ro de t\u00e9l\u00e9phone ( de la personne \u00e0 contacter - obligatoire)<br \/>\n<span class=\"wpcf7-form-control-wrap\" data-name=\"numerotel\"><input size=\"40\" class=\"wpcf7-form-control wpcf7-tel wpcf7-validates-as-required wpcf7-text wpcf7-validates-as-tel\" aria-required=\"true\" aria-invalid=\"false\" value=\"\" type=\"tel\" name=\"numerotel\" \/><\/span> <\/label>\n<\/p>\n<p><label> Votre v\u00e9t\u00e9rinaire (nom - adresse - t\u00e9l\u00e9phone)<br \/>\n<span class=\"wpcf7-form-control-wrap\" data-name=\"veterinaire\"><input size=\"40\" class=\"wpcf7-form-control wpcf7-text\" aria-invalid=\"false\" value=\"\" type=\"text\" name=\"veterinaire\" \/><\/span> <\/label>\n<\/p>\n<p><label> Le nom de votre chat (obligatoire)<br \/>\n<span class=\"wpcf7-form-control-wrap\" data-name=\"nomchat\"><input size=\"40\" class=\"wpcf7-form-control wpcf7-text wpcf7-validates-as-required\" aria-required=\"true\" aria-invalid=\"false\" value=\"\" type=\"text\" name=\"nomchat\" \/><\/span> <\/label>\n<\/p>\n<p><label> Le sexe de votre chat (obligatoire)<br \/>\n<span class=\"wpcf7-form-control-wrap\" data-name=\"sexechat\"><select class=\"wpcf7-form-control wpcf7-select\" aria-invalid=\"false\" name=\"sexechat\"><option value=\"M\u00e2le\">M\u00e2le<\/option><option value=\"Femelle\">Femelle<\/option><\/select><\/span> <\/label>\n<\/p>\n<p><label> La date de naissance de votre chat (obligatoire)<br \/>\n<span class=\"wpcf7-form-control-wrap\" data-name=\"anniv-chat\"><input class=\"wpcf7-form-control wpcf7-date wpcf7-validates-as-required wpcf7-validates-as-date\" aria-required=\"true\" aria-invalid=\"false\" value=\"\" type=\"date\" name=\"anniv-chat\" \/><\/span> <\/label>\n<\/p>\n<p><label> Le num\u00e9ro de puce de votre chat (obligatoire)<br \/>\n<span class=\"wpcf7-form-control-wrap\" data-name=\"numeropuce\"><input size=\"40\" class=\"wpcf7-form-control wpcf7-text wpcf7-validates-as-required\" aria-required=\"true\" aria-invalid=\"false\" value=\"\" type=\"text\" name=\"numeropuce\" \/><\/span> <\/label>\n<\/p>\n<p><label> Couleur de la robe<br \/>\n<span class=\"wpcf7-form-control-wrap\" data-name=\"couleurrobe\"><input size=\"40\" class=\"wpcf7-form-control wpcf7-text\" aria-invalid=\"false\" value=\"\" type=\"text\" name=\"couleurrobe\" \/><\/span> <\/label>\n<\/p>\n<p><label> Couleur des yeux<br \/>\n<span class=\"wpcf7-form-control-wrap\" data-name=\"couleuryeux\"><input size=\"40\" class=\"wpcf7-form-control wpcf7-text\" aria-invalid=\"false\" value=\"\" type=\"text\" name=\"couleuryeux\" \/><\/span> <\/label>\n<\/p>\n<p><label> Son comportement <\/label><br \/>\n<span class=\"wpcf7-form-control-wrap\" data-name=\"comportement\"><span class=\"wpcf7-form-control wpcf7-checkbox\"><span class=\"wpcf7-list-item first\"><input type=\"checkbox\" name=\"comportement[]\" value=\"Peureux\" \/><span class=\"wpcf7-list-item-label\">Peureux<\/span><\/span><span class=\"wpcf7-list-item\"><input type=\"checkbox\" name=\"comportement[]\" value=\"Joueur\" \/><span class=\"wpcf7-list-item-label\">Joueur<\/span><\/span><span class=\"wpcf7-list-item\"><input type=\"checkbox\" name=\"comportement[]\" value=\"Agressif\" \/><span class=\"wpcf7-list-item-label\">Agressif<\/span><\/span><span class=\"wpcf7-list-item\"><input type=\"checkbox\" name=\"comportement[]\" value=\"Sociable\" \/><span class=\"wpcf7-list-item-label\">Sociable<\/span><\/span><span class=\"wpcf7-list-item\"><input type=\"checkbox\" name=\"comportement[]\" value=\"C\u00e2lin\" \/><span class=\"wpcf7-list-item-label\">C\u00e2lin<\/span><\/span><span class=\"wpcf7-list-item last\"><input type=\"checkbox\" name=\"comportement[]\" value=\"Mordeur\" \/><span class=\"wpcf7-list-item-label\">Mordeur<\/span><\/span><\/span><\/span>\n<\/p>\n<p><label> Alimentation de la pension<br \/>\n<span class=\"wpcf7-form-control-wrap\" data-name=\"alimentationpension\"><select class=\"wpcf7-form-control wpcf7-select\" aria-invalid=\"false\" name=\"alimentationpension\"><option value=\"oui\">oui<\/option><option value=\"non\">non<\/option><\/select><\/span> <\/label>\n<\/p>\n<p><label> Date de la derni\u00e8re vaccination (format Jour\/Mois\/Ann\u00e9e)<br \/>\n<span class=\"wpcf7-form-control-wrap\" data-name=\"date-vaccin\"><input size=\"40\" class=\"wpcf7-form-control wpcf7-text wpcf7-validates-as-required\" aria-required=\"true\" aria-invalid=\"false\" value=\"\" type=\"text\" name=\"date-vaccin\" \/><\/span> <\/label>\n<\/p>\n<p><label> Vaccins (obligatoire)<\/label><br \/>\n<span class=\"wpcf7-form-control-wrap\" data-name=\"vaccins\"><span class=\"wpcf7-form-control wpcf7-checkbox wpcf7-validates-as-required\"><span class=\"wpcf7-list-item first\"><input type=\"checkbox\" name=\"vaccins[]\" value=\"Typhus\" \/><span class=\"wpcf7-list-item-label\">Typhus<\/span><\/span><span class=\"wpcf7-list-item\"><input type=\"checkbox\" name=\"vaccins[]\" value=\"Coryza\" \/><span class=\"wpcf7-list-item-label\">Coryza<\/span><\/span><span class=\"wpcf7-list-item last\"><input type=\"checkbox\" name=\"vaccins[]\" value=\"Leucose\" \/><span class=\"wpcf7-list-item-label\">Leucose<\/span><\/span><\/span><\/span>\n<\/p>\n<p><label> Anti puce<br \/>\n<span class=\"wpcf7-form-control-wrap\" data-name=\"antipuce\"><select class=\"wpcf7-form-control wpcf7-select\" aria-invalid=\"false\" name=\"antipuce\"><option value=\"oui\">oui<\/option><option value=\"non\">non<\/option><\/select><\/span> <\/label>\n<\/p>\n<p><label> Vermifug\u00e9<br \/>\n<span class=\"wpcf7-form-control-wrap\" data-name=\"vermifuge\"><select class=\"wpcf7-form-control wpcf7-select\" aria-invalid=\"false\" name=\"vermifuge\"><option value=\"oui\">oui<\/option><option value=\"non\">non<\/option><\/select><\/span> <\/label>\n<\/p>\n<p><label> D\u00e9j\u00e0 v\u00e9cu en pension ?<br \/>\n<span class=\"wpcf7-form-control-wrap\" data-name=\"vecupension\"><select class=\"wpcf7-form-control wpcf7-select\" aria-invalid=\"false\" name=\"vecupension\"><option value=\"oui\">oui<\/option><option value=\"non\">non<\/option><\/select><\/span> <\/label>\n<\/p>\n<p><label> Votre chat a-t-il l'habitude de sortir ?<br \/>\n<span class=\"wpcf7-form-control-wrap\" data-name=\"habitudesortir\"><select class=\"wpcf7-form-control wpcf7-select\" aria-invalid=\"false\" name=\"habitudesortir\"><option value=\"oui\">oui<\/option><option value=\"non\">non<\/option><\/select><\/span> <\/label>\n<\/p>\n<p><label> St\u00e9rilis\u00e9 \/ castr\u00e9<br \/>\n<span class=\"wpcf7-form-control-wrap\" data-name=\"sterilise\"><select class=\"wpcf7-form-control wpcf7-select\" aria-invalid=\"false\" name=\"sterilise\"><option value=\"oui\">oui<\/option><option value=\"non\">non<\/option><\/select><\/span> <\/label>\n<\/p>\n<p><label> H\u00e9bergement en box<br \/>\n<span class=\"wpcf7-form-control-wrap\" data-name=\"box\"><select class=\"wpcf7-form-control wpcf7-select\" aria-invalid=\"false\" name=\"box\"><option value=\"oui\">oui<\/option><option value=\"non\">non<\/option><\/select><\/span> <\/label>\n<\/p>\n<p><label> H\u00e9bergement en collectif<br \/>\n<span class=\"wpcf7-form-control-wrap\" data-name=\"collectif\"><select class=\"wpcf7-form-control wpcf7-select\" aria-invalid=\"false\" name=\"collectif\"><option value=\"oui\">oui<\/option><option value=\"non\">non<\/option><\/select><\/span> <\/label>\n<\/p>\n<p><label> Marque t'il son territoire en urinant ?<br \/>\n<span class=\"wpcf7-form-control-wrap\" data-name=\"territoire\"><select class=\"wpcf7-form-control wpcf7-select\" aria-invalid=\"false\" name=\"territoire\"><option value=\"oui\">oui<\/option><option value=\"non\">non<\/option><\/select><\/span> <\/label>\n<\/p>\n<p><label> Vos observations<br \/>\n<span class=\"wpcf7-form-control-wrap\" data-name=\"observations\"><input size=\"40\" class=\"wpcf7-form-control wpcf7-text\" aria-invalid=\"false\" value=\"\" type=\"text\" name=\"observations\" \/><\/span> <\/label>\n<\/p>\n<p><label> Votre adresse mail<br \/>\n<span class=\"wpcf7-form-control-wrap\" data-name=\"email-chats\"><input size=\"40\" class=\"wpcf7-form-control wpcf7-email wpcf7-text wpcf7-validates-as-email\" aria-invalid=\"false\" value=\"\" type=\"email\" name=\"email-chats\" \/><\/span> <\/label>\n<\/p>\n<p><span class=\"wpcf7-form-control-wrap\" data-name=\"confirmation1\"><span class=\"wpcf7-form-control wpcf7-acceptance\"><span class=\"wpcf7-list-item\"><label><input type=\"checkbox\" name=\"confirmation1\" value=\"1\" aria-invalid=\"false\" \/><span class=\"wpcf7-list-item-label\">Je certifie que les informations que j'ai rentr\u00e9es sont exactes.<\/span><\/label><\/span><\/span><\/span>\n<\/p>\n<p><input class=\"wpcf7-form-control wpcf7-submit has-spinner\" type=\"submit\" value=\"Envoyer\" \/>\n<\/p><p style=\"display: none !important;\" class=\"akismet-fields-container\" data-prefix=\"_wpcf7_ak_\"><label>&#916;<textarea name=\"_wpcf7_ak_hp_textarea\" cols=\"45\" rows=\"8\" maxlength=\"100\"><\/textarea><\/label><input type=\"hidden\" id=\"ak_js_1\" name=\"_wpcf7_ak_js\" value=\"112\"\/><script>document.getElementById( \"ak_js_1\" ).setAttribute( \"value\", ( new Date() ).getTime() );<\/script><\/p><div class=\"wpcf7-response-output\" aria-hidden=\"true\"><\/div>\n<\/form>\n<\/div>\n\n<p><b style=\"font-size: large;\">Le temple des chats se r\u00e9serve le droit de refuser tout animal qui ne serait pas \u00e0 jour des vaccins obligatoires. Merci de prendre \u00e9galement connaissance des conditions <\/b><span style=\"font-size: large;\"><b>g\u00e9n\u00e9rales <a href=\"http:\/\/letempledeschats.fr\/index.php\/conditions-generales\/\">ICI<\/a><\/b><\/span><b style=\"font-size: large;\">.<\/b><\/p>\n","protected":false},"excerpt":{"rendered":"<p>Vous avez r\u00e9serv\u00e9 une place pour votre chat dans notre pension ? Nous avons besoin de savoir quelques petites choses sur votre compagnon, pour nous occuper au mieux de lui. Veuillez remplir ce questionnaire signal\u00e9tique de renseignements rapide. Le temple des chats se r\u00e9serve le droit de refuser tout animal qui ne serait pas \u00e0 &hellip; <\/p>\n<p class=\"link-more\"><a href=\"https:\/\/letempledeschats.fr\/index.php\/fiche-signaletique\/\" class=\"more-link\">Continuer la lecture<span class=\"screen-reader-text\"> de &laquo;&nbsp;Fiche signal\u00e9tique&nbsp;&raquo;<\/span><\/a><\/p>\n","protected":false},"author":1,"featured_media":96,"parent":0,"menu_order":0,"comment_status":"closed","ping_status":"closed","template":"","meta":{"footnotes":""},"class_list":["post-9","page","type-page","status-publish","has-post-thumbnail","hentry"],"yoast_head":"<!-- This site is optimized with the Yoast SEO plugin v22.7 - https:\/\/yoast.com\/wordpress\/plugins\/seo\/ -->\n<title>Fiche signal\u00e9tique - Le Temple Des Chats<\/title>\n<meta name=\"description\" content=\"Remplissez notre questionnaire signal\u00e9tique rapide pour fournir tous les renseignements sur votre chat, n\u00e9cessaires \u00e0 son bon accueil dans notre pension.\" \/>\n<meta name=\"robots\" content=\"index, follow, max-snippet:-1, max-image-preview:large, max-video-preview:-1\" \/>\n<link rel=\"canonical\" href=\"https:\/\/letempledeschats.fr\/index.php\/fiche-signaletique\/\" \/>\n<meta property=\"og:locale\" content=\"fr_FR\" \/>\n<meta property=\"og:type\" content=\"article\" \/>\n<meta property=\"og:title\" content=\"Fiche signal\u00e9tique - Le Temple Des Chats\" \/>\n<meta property=\"og:description\" content=\"Remplissez notre questionnaire signal\u00e9tique rapide pour fournir tous les renseignements sur votre chat, n\u00e9cessaires \u00e0 son bon accueil dans notre pension.\" \/>\n<meta property=\"og:url\" content=\"https:\/\/letempledeschats.fr\/index.php\/fiche-signaletique\/\" \/>\n<meta property=\"og:site_name\" content=\"Le Temple Des Chats\" \/>\n<meta property=\"article:publisher\" content=\"https:\/\/www.facebook.com\/pensionfeline67\/\" \/>\n<meta property=\"article:modified_time\" content=\"2019-07-09T16:18:25+00:00\" \/>\n<meta property=\"og:image\" content=\"https:\/\/letempledeschats.fr\/wp-content\/uploads\/2019\/04\/2.jpg\" \/>\n\t<meta property=\"og:image:width\" content=\"6016\" \/>\n\t<meta property=\"og:image:height\" content=\"2944\" \/>\n\t<meta property=\"og:image:type\" content=\"image\/jpeg\" \/>\n<meta name=\"twitter:card\" content=\"summary_large_image\" \/>\n<script type=\"application\/ld+json\" class=\"yoast-schema-graph\">{\"@context\":\"https:\/\/schema.org\",\"@graph\":[{\"@type\":\"WebPage\",\"@id\":\"https:\/\/letempledeschats.fr\/index.php\/fiche-signaletique\/\",\"url\":\"https:\/\/letempledeschats.fr\/index.php\/fiche-signaletique\/\",\"name\":\"Fiche signal\u00e9tique - Le Temple Des Chats\",\"isPartOf\":{\"@id\":\"https:\/\/letempledeschats.fr\/#website\"},\"primaryImageOfPage\":{\"@id\":\"https:\/\/letempledeschats.fr\/index.php\/fiche-signaletique\/#primaryimage\"},\"image\":{\"@id\":\"https:\/\/letempledeschats.fr\/index.php\/fiche-signaletique\/#primaryimage\"},\"thumbnailUrl\":\"https:\/\/letempledeschats.fr\/wp-content\/uploads\/2019\/04\/2.jpg\",\"datePublished\":\"2019-02-20T19:48:51+00:00\",\"dateModified\":\"2019-07-09T16:18:25+00:00\",\"description\":\"Remplissez notre questionnaire signal\u00e9tique rapide pour fournir tous les renseignements sur votre chat, n\u00e9cessaires \u00e0 son bon accueil dans notre pension.\",\"breadcrumb\":{\"@id\":\"https:\/\/letempledeschats.fr\/index.php\/fiche-signaletique\/#breadcrumb\"},\"inLanguage\":\"fr-FR\",\"potentialAction\":[{\"@type\":\"ReadAction\",\"target\":[\"https:\/\/letempledeschats.fr\/index.php\/fiche-signaletique\/\"]}]},{\"@type\":\"ImageObject\",\"inLanguage\":\"fr-FR\",\"@id\":\"https:\/\/letempledeschats.fr\/index.php\/fiche-signaletique\/#primaryimage\",\"url\":\"https:\/\/letempledeschats.fr\/wp-content\/uploads\/2019\/04\/2.jpg\",\"contentUrl\":\"https:\/\/letempledeschats.fr\/wp-content\/uploads\/2019\/04\/2.jpg\",\"width\":6016,\"height\":2944,\"caption\":\"chat-sourire-signaletique\"},{\"@type\":\"BreadcrumbList\",\"@id\":\"https:\/\/letempledeschats.fr\/index.php\/fiche-signaletique\/#breadcrumb\",\"itemListElement\":[{\"@type\":\"ListItem\",\"position\":1,\"name\":\"Accueil\",\"item\":\"https:\/\/letempledeschats.fr\/\"},{\"@type\":\"ListItem\",\"position\":2,\"name\":\"Fiche signal\u00e9tique\"}]},{\"@type\":\"WebSite\",\"@id\":\"https:\/\/letempledeschats.fr\/#website\",\"url\":\"https:\/\/letempledeschats.fr\/\",\"name\":\"Le Temple Des Chats\",\"description\":\"Pension pour chats \u00e0 Mommenheim\",\"publisher\":{\"@id\":\"https:\/\/letempledeschats.fr\/#organization\"},\"potentialAction\":[{\"@type\":\"SearchAction\",\"target\":{\"@type\":\"EntryPoint\",\"urlTemplate\":\"https:\/\/letempledeschats.fr\/?s={search_term_string}\"},\"query-input\":\"required name=search_term_string\"}],\"inLanguage\":\"fr-FR\"},{\"@type\":\"Organization\",\"@id\":\"https:\/\/letempledeschats.fr\/#organization\",\"name\":\"Le Temple des Chats\",\"url\":\"https:\/\/letempledeschats.fr\/\",\"logo\":{\"@type\":\"ImageObject\",\"inLanguage\":\"fr-FR\",\"@id\":\"https:\/\/letempledeschats.fr\/#\/schema\/logo\/image\/\",\"url\":\"https:\/\/letempledeschats.fr\/wp-content\/uploads\/2019\/02\/Logo-chat-1.jpg\",\"contentUrl\":\"https:\/\/letempledeschats.fr\/wp-content\/uploads\/2019\/02\/Logo-chat-1.jpg\",\"width\":4508,\"height\":2045,\"caption\":\"Le Temple des Chats\"},\"image\":{\"@id\":\"https:\/\/letempledeschats.fr\/#\/schema\/logo\/image\/\"},\"sameAs\":[\"https:\/\/www.facebook.com\/pensionfeline67\/\"]}]}<\/script>\n<!-- \/ Yoast SEO plugin. -->","yoast_head_json":{"title":"Fiche signal\u00e9tique - Le Temple Des Chats","description":"Remplissez notre questionnaire signal\u00e9tique rapide pour fournir tous les renseignements sur votre chat, n\u00e9cessaires \u00e0 son bon accueil dans notre pension.","robots":{"index":"index","follow":"follow","max-snippet":"max-snippet:-1","max-image-preview":"max-image-preview:large","max-video-preview":"max-video-preview:-1"},"canonical":"https:\/\/letempledeschats.fr\/index.php\/fiche-signaletique\/","og_locale":"fr_FR","og_type":"article","og_title":"Fiche signal\u00e9tique - Le Temple Des Chats","og_description":"Remplissez notre questionnaire signal\u00e9tique rapide pour fournir tous les renseignements sur votre chat, n\u00e9cessaires \u00e0 son bon accueil dans notre pension.","og_url":"https:\/\/letempledeschats.fr\/index.php\/fiche-signaletique\/","og_site_name":"Le Temple Des Chats","article_publisher":"https:\/\/www.facebook.com\/pensionfeline67\/","article_modified_time":"2019-07-09T16:18:25+00:00","og_image":[{"width":6016,"height":2944,"url":"https:\/\/letempledeschats.fr\/wp-content\/uploads\/2019\/04\/2.jpg","type":"image\/jpeg"}],"twitter_card":"summary_large_image","schema":{"@context":"https:\/\/schema.org","@graph":[{"@type":"WebPage","@id":"https:\/\/letempledeschats.fr\/index.php\/fiche-signaletique\/","url":"https:\/\/letempledeschats.fr\/index.php\/fiche-signaletique\/","name":"Fiche signal\u00e9tique - Le Temple Des Chats","isPartOf":{"@id":"https:\/\/letempledeschats.fr\/#website"},"primaryImageOfPage":{"@id":"https:\/\/letempledeschats.fr\/index.php\/fiche-signaletique\/#primaryimage"},"image":{"@id":"https:\/\/letempledeschats.fr\/index.php\/fiche-signaletique\/#primaryimage"},"thumbnailUrl":"https:\/\/letempledeschats.fr\/wp-content\/uploads\/2019\/04\/2.jpg","datePublished":"2019-02-20T19:48:51+00:00","dateModified":"2019-07-09T16:18:25+00:00","description":"Remplissez notre questionnaire signal\u00e9tique rapide pour fournir tous les renseignements sur votre chat, n\u00e9cessaires \u00e0 son bon accueil dans notre pension.","breadcrumb":{"@id":"https:\/\/letempledeschats.fr\/index.php\/fiche-signaletique\/#breadcrumb"},"inLanguage":"fr-FR","potentialAction":[{"@type":"ReadAction","target":["https:\/\/letempledeschats.fr\/index.php\/fiche-signaletique\/"]}]},{"@type":"ImageObject","inLanguage":"fr-FR","@id":"https:\/\/letempledeschats.fr\/index.php\/fiche-signaletique\/#primaryimage","url":"https:\/\/letempledeschats.fr\/wp-content\/uploads\/2019\/04\/2.jpg","contentUrl":"https:\/\/letempledeschats.fr\/wp-content\/uploads\/2019\/04\/2.jpg","width":6016,"height":2944,"caption":"chat-sourire-signaletique"},{"@type":"BreadcrumbList","@id":"https:\/\/letempledeschats.fr\/index.php\/fiche-signaletique\/#breadcrumb","itemListElement":[{"@type":"ListItem","position":1,"name":"Accueil","item":"https:\/\/letempledeschats.fr\/"},{"@type":"ListItem","position":2,"name":"Fiche signal\u00e9tique"}]},{"@type":"WebSite","@id":"https:\/\/letempledeschats.fr\/#website","url":"https:\/\/letempledeschats.fr\/","name":"Le Temple Des Chats","description":"Pension pour chats \u00e0 Mommenheim","publisher":{"@id":"https:\/\/letempledeschats.fr\/#organization"},"potentialAction":[{"@type":"SearchAction","target":{"@type":"EntryPoint","urlTemplate":"https:\/\/letempledeschats.fr\/?s={search_term_string}"},"query-input":"required name=search_term_string"}],"inLanguage":"fr-FR"},{"@type":"Organization","@id":"https:\/\/letempledeschats.fr\/#organization","name":"Le Temple des Chats","url":"https:\/\/letempledeschats.fr\/","logo":{"@type":"ImageObject","inLanguage":"fr-FR","@id":"https:\/\/letempledeschats.fr\/#\/schema\/logo\/image\/","url":"https:\/\/letempledeschats.fr\/wp-content\/uploads\/2019\/02\/Logo-chat-1.jpg","contentUrl":"https:\/\/letempledeschats.fr\/wp-content\/uploads\/2019\/02\/Logo-chat-1.jpg","width":4508,"height":2045,"caption":"Le Temple des Chats"},"image":{"@id":"https:\/\/letempledeschats.fr\/#\/schema\/logo\/image\/"},"sameAs":["https:\/\/www.facebook.com\/pensionfeline67\/"]}]}},"_links":{"self":[{"href":"https:\/\/letempledeschats.fr\/index.php\/wp-json\/wp\/v2\/pages\/9","targetHints":{"allow":["GET"]}}],"collection":[{"href":"https:\/\/letempledeschats.fr\/index.php\/wp-json\/wp\/v2\/pages"}],"about":[{"href":"https:\/\/letempledeschats.fr\/index.php\/wp-json\/wp\/v2\/types\/page"}],"author":[{"embeddable":true,"href":"https:\/\/letempledeschats.fr\/index.php\/wp-json\/wp\/v2\/users\/1"}],"replies":[{"embeddable":true,"href":"https:\/\/letempledeschats.fr\/index.php\/wp-json\/wp\/v2\/comments?post=9"}],"version-history":[{"count":8,"href":"https:\/\/letempledeschats.fr\/index.php\/wp-json\/wp\/v2\/pages\/9\/revisions"}],"predecessor-version":[{"id":139,"href":"https:\/\/letempledeschats.fr\/index.php\/wp-json\/wp\/v2\/pages\/9\/revisions\/139"}],"wp:featuredmedia":[{"embeddable":true,"href":"https:\/\/letempledeschats.fr\/index.php\/wp-json\/wp\/v2\/media\/96"}],"wp:attachment":[{"href":"https:\/\/letempledeschats.fr\/index.php\/wp-json\/wp\/v2\/media?parent=9"}],"curies":[{"name":"wp","href":"https:\/\/api.w.org\/{rel}","templated":true}]}}