{"id":88,"date":"2019-04-22T12:21:41","date_gmt":"2019-04-22T10:21:41","guid":{"rendered":"http:\/\/letempledeschats.fr\/?page_id=88"},"modified":"2020-01-20T10:56:14","modified_gmt":"2020-01-20T09:56:14","slug":"reservation","status":"publish","type":"page","link":"https:\/\/letempledeschats.fr\/index.php\/reservation\/","title":{"rendered":"R\u00e9servation"},"content":{"rendered":"<h2 align=\"LEFT\">Veuillez remplir le formulaire de r\u00e9servation ci-dessous, nous vous confirmerons votre demande d\u00e8s que possible :<\/h2>\n\n<div class=\"wpcf7 no-js\" id=\"wpcf7-f87-o1\" lang=\"fr-FR\" dir=\"ltr\">\n<div class=\"screen-reader-response\"><p role=\"status\" aria-live=\"polite\" aria-atomic=\"true\"><\/p> <ul><\/ul><\/div>\n<form action=\"\/index.php\/wp-json\/wp\/v2\/pages\/88#wpcf7-f87-o1\" method=\"post\" class=\"wpcf7-form init\" aria-label=\"Formulaire de contact\" novalidate=\"novalidate\" data-status=\"init\">\n<div style=\"display: none;\">\n<input type=\"hidden\" name=\"_wpcf7\" value=\"87\" \/>\n<input type=\"hidden\" name=\"_wpcf7_version\" value=\"5.9.4\" \/>\n<input type=\"hidden\" name=\"_wpcf7_locale\" value=\"fr_FR\" \/>\n<input type=\"hidden\" name=\"_wpcf7_unit_tag\" value=\"wpcf7-f87-o1\" \/>\n<input type=\"hidden\" name=\"_wpcf7_container_post\" value=\"0\" \/>\n<input type=\"hidden\" name=\"_wpcf7_posted_data_hash\" value=\"\" \/>\n<input type=\"hidden\" name=\"_wpcf7_recaptcha_response\" value=\"\" \/>\n<\/div>\n<p><label> Votre nom (obligatoire)<br \/>\n<span class=\"wpcf7-form-control-wrap\" data-name=\"nomproprietaire\"><input size=\"40\" class=\"wpcf7-form-control wpcf7-text wpcf7-validates-as-required\" aria-required=\"true\" aria-invalid=\"false\" value=\"\" type=\"text\" name=\"nomproprietaire\" \/><\/span> <\/label>\n<\/p>\n<p><label> Votre pr\u00e9nom (obligatoire)<br \/>\n<span class=\"wpcf7-form-control-wrap\" data-name=\"prenomproprietaire\"><input size=\"40\" class=\"wpcf7-form-control wpcf7-text wpcf7-validates-as-required\" aria-required=\"true\" aria-invalid=\"false\" value=\"\" type=\"text\" name=\"prenomproprietaire\" \/><\/span> <\/label>\n<\/p>\n<p><label> Votre adresse mail (obligatoire)<br \/>\n<span class=\"wpcf7-form-control-wrap\" data-name=\"email-chats\"><input size=\"40\" class=\"wpcf7-form-control wpcf7-email wpcf7-validates-as-required wpcf7-text wpcf7-validates-as-email\" aria-required=\"true\" aria-invalid=\"false\" value=\"\" type=\"email\" name=\"email-chats\" \/><\/span> <\/label>\n<\/p>\n<p><label> Votre num\u00e9ro de t\u00e9l\u00e9phone (obligatoire)<br \/>\n<span class=\"wpcf7-form-control-wrap\" data-name=\"numerotel\"><input size=\"40\" class=\"wpcf7-form-control wpcf7-tel wpcf7-validates-as-required wpcf7-text wpcf7-validates-as-tel\" aria-required=\"true\" aria-invalid=\"false\" value=\"\" type=\"tel\" name=\"numerotel\" \/><\/span> <\/label>\n<\/p>\n<p><label> Votre adresse<br \/>\n<span class=\"wpcf7-form-control-wrap\" data-name=\"adresse\"><input size=\"40\" class=\"wpcf7-form-control wpcf7-text wpcf7-validates-as-required\" aria-required=\"true\" aria-invalid=\"false\" value=\"\" type=\"text\" name=\"adresse\" \/><\/span> <\/label>\n<\/p>\n<p><label> Code postal<br \/>\n<span class=\"wpcf7-form-control-wrap\" data-name=\"codepostal\"><input size=\"40\" class=\"wpcf7-form-control wpcf7-text wpcf7-validates-as-required\" aria-required=\"true\" aria-invalid=\"false\" value=\"\" type=\"text\" name=\"codepostal\" \/><\/span> <\/label>\n<\/p>\n<p><label> Ville<br \/>\n<span class=\"wpcf7-form-control-wrap\" data-name=\"ville\"><input size=\"40\" class=\"wpcf7-form-control wpcf7-text wpcf7-validates-as-required\" aria-required=\"true\" aria-invalid=\"false\" value=\"\" type=\"text\" name=\"ville\" \/><\/span> <\/label>\n<\/p>\n<p><label> Le nombre de chats (obligatoire)<br \/>\n<span class=\"wpcf7-form-control-wrap\" data-name=\"nombrechats\"><input size=\"40\" class=\"wpcf7-form-control wpcf7-text wpcf7-validates-as-required\" aria-required=\"true\" aria-invalid=\"false\" value=\"\" type=\"text\" name=\"nombrechats\" \/><\/span> <\/label>\n<\/p>\n<p><label> La date d'arriv\u00e9e (obligatoire - format Jour\/Mois\/Ann\u00e9e)<br \/>\n<span style=\"font-size: 9pt!important;\">Nous vous rappelons que le Temple des Chats est ouvert du lundi au samedi SAUF LE JEUDI, ainsi que le dimanche sur rendez-vous. Nous ne sommes pas ouverts durant les jours f\u00e9ri\u00e9s. Votre r\u00e9servation ne sera pas prise en compte si vous s\u00e9lectionnez un jour o\u00f9 notre \u00e9quipe n'est pas disponible.<\/span><br \/>\n<span class=\"wpcf7-form-control-wrap\" data-name=\"datearrivee\"><input class=\"wpcf7-form-control wpcf7-date wpcf7-validates-as-required wpcf7-validates-as-date\" min=\"2024-01-01\" aria-required=\"true\" aria-invalid=\"false\" value=\"\" type=\"date\" name=\"datearrivee\" \/><\/span> <\/label>\n<\/p>\n<p><label> L'heure d'arriv\u00e9e (obligatoire)<br \/>\n<span style=\"font-size: 9pt;!important\">Nous vous rappelons que le Temple des Chats est ouvert du lundi au samedi de 10h30-12h et de 17h-19h SAUF LE JEUDI, ainsi que le dimanche de 10h30 \u00e0 12h sur rendez-vous.<\/span><br \/>\n<span class=\"wpcf7-form-control-wrap\" data-name=\"heurearrivee\"><select class=\"wpcf7-form-control wpcf7-select wpcf7-validates-as-required\" aria-required=\"true\" aria-invalid=\"false\" name=\"heurearrivee\"><option value=\"10h30\">10h30<\/option><option value=\"10h45\">10h45<\/option><option value=\"11h\">11h<\/option><option value=\"11h15\">11h15<\/option><option value=\"11h30\">11h30<\/option><option value=\"11h45\">11h45<\/option><option value=\"12h\">12h<\/option><option value=\"17h\">17h<\/option><option value=\"17h15\">17h15<\/option><option value=\"17h30\">17h30<\/option><option value=\"17h45\">17h45<\/option><option value=\"18h\">18h<\/option><option value=\"18h15\">18h15<\/option><option value=\"18h30\">18h30<\/option><option value=\"18h45\">18h45<\/option><option value=\"19h\">19h<\/option><\/select><\/span> <\/label>\n<\/p>\n<p><label> La date de d\u00e9part (obligatoire - format Jour\/Mois\/Ann\u00e9e)<br \/>\n<span style=\"font-size: 9pt;\"!important>Nous vous rappelons que le Temple des Chats est ouvert du lundi au samedi SAUF LE JEUDI, ainsi que le dimanche sur rendez-vous. Nous ne sommes pas ouverts durant les jours f\u00e9ri\u00e9s. Votre r\u00e9servation ne sera pas prise en compte si vous s\u00e9lectionnez un jour o\u00f9 notre \u00e9quipe n'est pas disponible.<\/span><br \/>\n<span class=\"wpcf7-form-control-wrap\" data-name=\"datedepart\"><input class=\"wpcf7-form-control wpcf7-date wpcf7-validates-as-required wpcf7-validates-as-date\" min=\"2024-01-01\" aria-required=\"true\" aria-invalid=\"false\" value=\"\" type=\"date\" name=\"datedepart\" \/><\/span> <\/label>\n<\/p>\n<p><label> L'heure de d\u00e9part (obligatoire)<br \/>\n<span style=\"font-size: 9pt;\">Nous vous rappelons que le Temple des Chats est ouvert du lundi au samedi de 10h30-12h et de 17h-19h SAUF LE JEUDI, ainsi que le dimanche de 10h30 \u00e0 12h sur rendez-vous.<\/span><br \/>\n<span class=\"wpcf7-form-control-wrap\" data-name=\"heuredepart\"><select class=\"wpcf7-form-control wpcf7-select wpcf7-validates-as-required\" aria-required=\"true\" aria-invalid=\"false\" name=\"heuredepart\"><option value=\"10h30\">10h30<\/option><option value=\"10h45\">10h45<\/option><option value=\"11h\">11h<\/option><option value=\"11h15\">11h15<\/option><option value=\"11h30\">11h30<\/option><option value=\"11h45\">11h45<\/option><option value=\"12h\">12h<\/option><option value=\"17h\">17h<\/option><option value=\"17h15\">17h15<\/option><option value=\"17h30\">17h30<\/option><option value=\"17h45\">17h45<\/option><option value=\"18h\">18h<\/option><option value=\"18h15\">18h15<\/option><option value=\"18h30\">18h30<\/option><option value=\"18h45\">18h45<\/option><option value=\"19h\">19h<\/option><\/select><\/span> <\/label>\n<\/p>\n<p><label> Votre message<br \/>\n<span class=\"wpcf7-form-control-wrap\" data-name=\"message\"><input size=\"40\" class=\"wpcf7-form-control wpcf7-text\" aria-invalid=\"false\" value=\"\" type=\"text\" name=\"message\" \/><\/span> <\/label>\n<\/p>\n<p><span class=\"wpcf7-form-control-wrap\" data-name=\"confirmation1\"><span class=\"wpcf7-form-control wpcf7-acceptance\"><span class=\"wpcf7-list-item\"><label><input type=\"checkbox\" name=\"confirmation1\" value=\"1\" aria-invalid=\"false\" \/><span class=\"wpcf7-list-item-label\">Je certifie que les informations que j'ai rentr\u00e9es sont exactes.<\/span><\/label><\/span><\/span><\/span>\n<\/p>\n<p><span class=\"wpcf7-form-control-wrap\" data-name=\"acceptance-fiche-signa\"><span class=\"wpcf7-form-control wpcf7-acceptance\"><span class=\"wpcf7-list-item\"><label><input type=\"checkbox\" name=\"acceptance-fiche-signa\" value=\"1\" aria-invalid=\"false\" \/><span class=\"wpcf7-list-item-label\">Je certifie avoir correctement compl\u00e9t\u00e9 ET renvoy\u00e9 la <a href=\"https:\/\/letempledeschats.fr\/index.php\/fiche-signaletique\/\" style=\"font-size: 15pt;\">fiche signal\u00e9tique<\/a> de mon chat \/ mes chats AVANT d'envoyer ma demande de r\u00e9servation <span style=\"font-size: 11pt;\">(Si vous \u00eates d\u00e9j\u00e0 clients et que vous avez d\u00e9j\u00e0 envoy\u00e9 une fiche signal\u00e9tique pour votre chat, il n'est pas utile d'en renvoyer une, sauf changement  important, maladie... N'h\u00e9sitez pas \u00e0 nous en faire part.)<\/span><\/span><\/label><\/span><\/span><\/span>\n<\/p>\n<p><input class=\"wpcf7-form-control wpcf7-submit has-spinner\" type=\"submit\" value=\"Envoyer\" \/>\n<\/p><p style=\"display: none !important;\" class=\"akismet-fields-container\" data-prefix=\"_wpcf7_ak_\"><label>&#916;<textarea name=\"_wpcf7_ak_hp_textarea\" cols=\"45\" rows=\"8\" maxlength=\"100\"><\/textarea><\/label><input type=\"hidden\" id=\"ak_js_1\" name=\"_wpcf7_ak_js\" value=\"10\"\/><script>document.getElementById( \"ak_js_1\" ).setAttribute( \"value\", ( new Date() ).getTime() );<\/script><\/p><div class=\"wpcf7-response-output\" aria-hidden=\"true\"><\/div>\n<\/form>\n<\/div>\n\n<p align=\"LEFT\"><b style=\"font-size: large;\">Le temple des chats se r\u00e9serve le droit de refuser tout animal qui ne serait pas \u00e0 jour des vaccins obligatoires. Merci de prendre \u00e9galement connaissance des conditions <\/b><span style=\"font-size: large;\"><b>g\u00e9n\u00e9rales <a href=\"http:\/\/letempledeschats.fr\/index.php\/conditions-generales\/\">ICI<\/a><\/b><\/span><b style=\"font-size: large;\">.<\/b><\/p>\n","protected":false},"excerpt":{"rendered":"<p>Veuillez remplir le formulaire de r\u00e9servation ci-dessous, nous vous confirmerons votre demande d\u00e8s que possible : Le temple des chats se r\u00e9serve le droit de refuser tout animal qui ne serait pas \u00e0 jour des vaccins obligatoires. Merci de prendre \u00e9galement connaissance des conditions g\u00e9n\u00e9rales ICI.<\/p>\n","protected":false},"author":1,"featured_media":93,"parent":0,"menu_order":0,"comment_status":"closed","ping_status":"closed","template":"","meta":{"footnotes":""},"class_list":["post-88","page","type-page","status-publish","has-post-thumbnail","hentry"],"yoast_head":"<!-- This site is optimized with the Yoast SEO plugin v22.7 - https:\/\/yoast.com\/wordpress\/plugins\/seo\/ -->\n<title>R\u00e9servation - Le Temple Des Chats<\/title>\n<meta name=\"description\" content=\"Vous souhaitez pr\u00e9voir un s\u00e9jour pour votre chat dans notre pension \u00e0 Mommeheim ? Vous pouvez trouver ici notre formulaire de r\u00e9servation en ligne.\" \/>\n<meta name=\"robots\" content=\"index, follow, max-snippet:-1, max-image-preview:large, max-video-preview:-1\" \/>\n<link rel=\"canonical\" href=\"https:\/\/letempledeschats.fr\/index.php\/reservation\/\" \/>\n<meta property=\"og:locale\" content=\"fr_FR\" \/>\n<meta property=\"og:type\" content=\"article\" \/>\n<meta property=\"og:title\" content=\"R\u00e9servation - Le Temple Des Chats\" \/>\n<meta property=\"og:description\" content=\"Vous souhaitez pr\u00e9voir un s\u00e9jour pour votre chat dans notre pension \u00e0 Mommeheim ? Vous pouvez trouver ici notre formulaire de r\u00e9servation en ligne.\" \/>\n<meta property=\"og:url\" content=\"https:\/\/letempledeschats.fr\/index.php\/reservation\/\" \/>\n<meta property=\"og:site_name\" content=\"Le Temple Des Chats\" \/>\n<meta property=\"article:publisher\" content=\"https:\/\/www.facebook.com\/pensionfeline67\/\" \/>\n<meta property=\"article:modified_time\" content=\"2020-01-20T09:56:14+00:00\" \/>\n<meta property=\"og:image\" content=\"https:\/\/letempledeschats.fr\/wp-content\/uploads\/2019\/04\/1.jpg\" \/>\n\t<meta property=\"og:image:width\" content=\"6016\" \/>\n\t<meta property=\"og:image:height\" content=\"3168\" \/>\n\t<meta property=\"og:image:type\" content=\"image\/jpeg\" \/>\n<meta name=\"twitter:card\" content=\"summary_large_image\" \/>\n<script type=\"application\/ld+json\" class=\"yoast-schema-graph\">{\"@context\":\"https:\/\/schema.org\",\"@graph\":[{\"@type\":\"WebPage\",\"@id\":\"https:\/\/letempledeschats.fr\/index.php\/reservation\/\",\"url\":\"https:\/\/letempledeschats.fr\/index.php\/reservation\/\",\"name\":\"R\u00e9servation - Le Temple Des Chats\",\"isPartOf\":{\"@id\":\"https:\/\/letempledeschats.fr\/#website\"},\"primaryImageOfPage\":{\"@id\":\"https:\/\/letempledeschats.fr\/index.php\/reservation\/#primaryimage\"},\"image\":{\"@id\":\"https:\/\/letempledeschats.fr\/index.php\/reservation\/#primaryimage\"},\"thumbnailUrl\":\"https:\/\/letempledeschats.fr\/wp-content\/uploads\/2019\/04\/1.jpg\",\"datePublished\":\"2019-04-22T10:21:41+00:00\",\"dateModified\":\"2020-01-20T09:56:14+00:00\",\"description\":\"Vous souhaitez pr\u00e9voir un s\u00e9jour pour votre chat dans notre pension \u00e0 Mommeheim ? Vous pouvez trouver ici notre formulaire de r\u00e9servation en ligne.\",\"breadcrumb\":{\"@id\":\"https:\/\/letempledeschats.fr\/index.php\/reservation\/#breadcrumb\"},\"inLanguage\":\"fr-FR\",\"potentialAction\":[{\"@type\":\"ReadAction\",\"target\":[\"https:\/\/letempledeschats.fr\/index.php\/reservation\/\"]}]},{\"@type\":\"ImageObject\",\"inLanguage\":\"fr-FR\",\"@id\":\"https:\/\/letempledeschats.fr\/index.php\/reservation\/#primaryimage\",\"url\":\"https:\/\/letempledeschats.fr\/wp-content\/uploads\/2019\/04\/1.jpg\",\"contentUrl\":\"https:\/\/letempledeschats.fr\/wp-content\/uploads\/2019\/04\/1.jpg\",\"width\":6016,\"height\":3168,\"caption\":\"chat-ordinateur-reservation\"},{\"@type\":\"BreadcrumbList\",\"@id\":\"https:\/\/letempledeschats.fr\/index.php\/reservation\/#breadcrumb\",\"itemListElement\":[{\"@type\":\"ListItem\",\"position\":1,\"name\":\"Accueil\",\"item\":\"https:\/\/letempledeschats.fr\/\"},{\"@type\":\"ListItem\",\"position\":2,\"name\":\"R\u00e9servation\"}]},{\"@type\":\"WebSite\",\"@id\":\"https:\/\/letempledeschats.fr\/#website\",\"url\":\"https:\/\/letempledeschats.fr\/\",\"name\":\"Le Temple Des Chats\",\"description\":\"Pension pour chats \u00e0 Mommenheim\",\"publisher\":{\"@id\":\"https:\/\/letempledeschats.fr\/#organization\"},\"potentialAction\":[{\"@type\":\"SearchAction\",\"target\":{\"@type\":\"EntryPoint\",\"urlTemplate\":\"https:\/\/letempledeschats.fr\/?s={search_term_string}\"},\"query-input\":\"required name=search_term_string\"}],\"inLanguage\":\"fr-FR\"},{\"@type\":\"Organization\",\"@id\":\"https:\/\/letempledeschats.fr\/#organization\",\"name\":\"Le Temple des Chats\",\"url\":\"https:\/\/letempledeschats.fr\/\",\"logo\":{\"@type\":\"ImageObject\",\"inLanguage\":\"fr-FR\",\"@id\":\"https:\/\/letempledeschats.fr\/#\/schema\/logo\/image\/\",\"url\":\"https:\/\/letempledeschats.fr\/wp-content\/uploads\/2019\/02\/Logo-chat-1.jpg\",\"contentUrl\":\"https:\/\/letempledeschats.fr\/wp-content\/uploads\/2019\/02\/Logo-chat-1.jpg\",\"width\":4508,\"height\":2045,\"caption\":\"Le Temple des Chats\"},\"image\":{\"@id\":\"https:\/\/letempledeschats.fr\/#\/schema\/logo\/image\/\"},\"sameAs\":[\"https:\/\/www.facebook.com\/pensionfeline67\/\"]}]}<\/script>\n<!-- \/ Yoast SEO plugin. -->","yoast_head_json":{"title":"R\u00e9servation - Le Temple Des Chats","description":"Vous souhaitez pr\u00e9voir un s\u00e9jour pour votre chat dans notre pension \u00e0 Mommeheim ? Vous pouvez trouver ici notre formulaire de r\u00e9servation en ligne.","robots":{"index":"index","follow":"follow","max-snippet":"max-snippet:-1","max-image-preview":"max-image-preview:large","max-video-preview":"max-video-preview:-1"},"canonical":"https:\/\/letempledeschats.fr\/index.php\/reservation\/","og_locale":"fr_FR","og_type":"article","og_title":"R\u00e9servation - Le Temple Des Chats","og_description":"Vous souhaitez pr\u00e9voir un s\u00e9jour pour votre chat dans notre pension \u00e0 Mommeheim ? Vous pouvez trouver ici notre formulaire de r\u00e9servation en ligne.","og_url":"https:\/\/letempledeschats.fr\/index.php\/reservation\/","og_site_name":"Le Temple Des Chats","article_publisher":"https:\/\/www.facebook.com\/pensionfeline67\/","article_modified_time":"2020-01-20T09:56:14+00:00","og_image":[{"width":6016,"height":3168,"url":"https:\/\/letempledeschats.fr\/wp-content\/uploads\/2019\/04\/1.jpg","type":"image\/jpeg"}],"twitter_card":"summary_large_image","schema":{"@context":"https:\/\/schema.org","@graph":[{"@type":"WebPage","@id":"https:\/\/letempledeschats.fr\/index.php\/reservation\/","url":"https:\/\/letempledeschats.fr\/index.php\/reservation\/","name":"R\u00e9servation - Le Temple Des Chats","isPartOf":{"@id":"https:\/\/letempledeschats.fr\/#website"},"primaryImageOfPage":{"@id":"https:\/\/letempledeschats.fr\/index.php\/reservation\/#primaryimage"},"image":{"@id":"https:\/\/letempledeschats.fr\/index.php\/reservation\/#primaryimage"},"thumbnailUrl":"https:\/\/letempledeschats.fr\/wp-content\/uploads\/2019\/04\/1.jpg","datePublished":"2019-04-22T10:21:41+00:00","dateModified":"2020-01-20T09:56:14+00:00","description":"Vous souhaitez pr\u00e9voir un s\u00e9jour pour votre chat dans notre pension \u00e0 Mommeheim ? Vous pouvez trouver ici notre formulaire de r\u00e9servation en ligne.","breadcrumb":{"@id":"https:\/\/letempledeschats.fr\/index.php\/reservation\/#breadcrumb"},"inLanguage":"fr-FR","potentialAction":[{"@type":"ReadAction","target":["https:\/\/letempledeschats.fr\/index.php\/reservation\/"]}]},{"@type":"ImageObject","inLanguage":"fr-FR","@id":"https:\/\/letempledeschats.fr\/index.php\/reservation\/#primaryimage","url":"https:\/\/letempledeschats.fr\/wp-content\/uploads\/2019\/04\/1.jpg","contentUrl":"https:\/\/letempledeschats.fr\/wp-content\/uploads\/2019\/04\/1.jpg","width":6016,"height":3168,"caption":"chat-ordinateur-reservation"},{"@type":"BreadcrumbList","@id":"https:\/\/letempledeschats.fr\/index.php\/reservation\/#breadcrumb","itemListElement":[{"@type":"ListItem","position":1,"name":"Accueil","item":"https:\/\/letempledeschats.fr\/"},{"@type":"ListItem","position":2,"name":"R\u00e9servation"}]},{"@type":"WebSite","@id":"https:\/\/letempledeschats.fr\/#website","url":"https:\/\/letempledeschats.fr\/","name":"Le Temple Des Chats","description":"Pension pour chats \u00e0 Mommenheim","publisher":{"@id":"https:\/\/letempledeschats.fr\/#organization"},"potentialAction":[{"@type":"SearchAction","target":{"@type":"EntryPoint","urlTemplate":"https:\/\/letempledeschats.fr\/?s={search_term_string}"},"query-input":"required name=search_term_string"}],"inLanguage":"fr-FR"},{"@type":"Organization","@id":"https:\/\/letempledeschats.fr\/#organization","name":"Le Temple des Chats","url":"https:\/\/letempledeschats.fr\/","logo":{"@type":"ImageObject","inLanguage":"fr-FR","@id":"https:\/\/letempledeschats.fr\/#\/schema\/logo\/image\/","url":"https:\/\/letempledeschats.fr\/wp-content\/uploads\/2019\/02\/Logo-chat-1.jpg","contentUrl":"https:\/\/letempledeschats.fr\/wp-content\/uploads\/2019\/02\/Logo-chat-1.jpg","width":4508,"height":2045,"caption":"Le Temple des Chats"},"image":{"@id":"https:\/\/letempledeschats.fr\/#\/schema\/logo\/image\/"},"sameAs":["https:\/\/www.facebook.com\/pensionfeline67\/"]}]}},"_links":{"self":[{"href":"https:\/\/letempledeschats.fr\/index.php\/wp-json\/wp\/v2\/pages\/88","targetHints":{"allow":["GET"]}}],"collection":[{"href":"https:\/\/letempledeschats.fr\/index.php\/wp-json\/wp\/v2\/pages"}],"about":[{"href":"https:\/\/letempledeschats.fr\/index.php\/wp-json\/wp\/v2\/types\/page"}],"author":[{"embeddable":true,"href":"https:\/\/letempledeschats.fr\/index.php\/wp-json\/wp\/v2\/users\/1"}],"replies":[{"embeddable":true,"href":"https:\/\/letempledeschats.fr\/index.php\/wp-json\/wp\/v2\/comments?post=88"}],"version-history":[{"count":5,"href":"https:\/\/letempledeschats.fr\/index.php\/wp-json\/wp\/v2\/pages\/88\/revisions"}],"predecessor-version":[{"id":140,"href":"https:\/\/letempledeschats.fr\/index.php\/wp-json\/wp\/v2\/pages\/88\/revisions\/140"}],"wp:featuredmedia":[{"embeddable":true,"href":"https:\/\/letempledeschats.fr\/index.php\/wp-json\/wp\/v2\/media\/93"}],"wp:attachment":[{"href":"https:\/\/letempledeschats.fr\/index.php\/wp-json\/wp\/v2\/media?parent=88"}],"curies":[{"name":"wp","href":"https:\/\/api.w.org\/{rel}","templated":true}]}}