{"id":8,"date":"2019-02-20T20:48:51","date_gmt":"2019-02-20T19:48:51","guid":{"rendered":"http:\/\/letempledeschats.fr\/?page_id=8"},"modified":"2024-09-27T11:23:43","modified_gmt":"2024-09-27T09:23:43","slug":"la-pension","status":"publish","type":"page","link":"https:\/\/letempledeschats.fr\/index.php\/la-pension\/","title":{"rendered":"La pension"},"content":{"rendered":"<h2 align=\"LEFT\">Bienvenue dans la pension f\u00e9line du \u00ab\u00a0Temple des Chats\u00a0\u00bb !<\/h2>\n<div id=\"metaslider-id-198\" style=\"width: 100%; margin: 0 auto;\" class=\"ml-slider-3-80-0 metaslider metaslider-nivo metaslider-198 ml-slider ms-theme-default\" role=\"region\" aria-roledescription=\"Slideshow\" aria-label=\"Photos page pension\">\n    <div id=\"metaslider_container_198\">\n        <div class='slider-wrapper theme-default'><div class='ribbon'><\/div><div id='metaslider_198' class='nivoSlider'><img loading=\"lazy\" decoding=\"async\" src=\"https:\/\/letempledeschats.fr\/wp-content\/uploads\/2019\/08\/67102522_750028668763943_6496784767080464384_n.jpg\" height=\"720\" width=\"960\" title=\"67102522_750028668763943_6496784767080464384_n\" alt=\"\" class=\"slider-198 slide-226\" \/><img loading=\"lazy\" decoding=\"async\" src=\"https:\/\/letempledeschats.fr\/wp-content\/uploads\/2019\/08\/67800239_756717324761744_7763676471586979840_n.jpg\" height=\"720\" width=\"960\" title=\"67800239_756717324761744_7763676471586979840_n\" alt=\"\" class=\"slider-198 slide-229\" \/><img loading=\"lazy\" decoding=\"async\" src=\"https:\/\/letempledeschats.fr\/wp-content\/uploads\/2019\/08\/67145534_744645125968964_6087515426479144960_n-1.jpg\" height=\"720\" width=\"960\" title=\"67145534_744645125968964_6087515426479144960_n\" alt=\"\" class=\"slider-198 slide-245\" \/><img loading=\"lazy\" decoding=\"async\" src=\"https:\/\/letempledeschats.fr\/wp-content\/uploads\/2020\/12\/IMG_3046-scaled-960x720.jpg\" height=\"720\" width=\"960\" title=\"IMG_3046\" alt=\"\" class=\"slider-198 slide-256\" \/><img loading=\"lazy\" decoding=\"async\" src=\"https:\/\/letempledeschats.fr\/wp-content\/uploads\/2020\/12\/IMG_3326-scaled-960x720.jpg\" height=\"720\" width=\"960\" title=\"IMG_3326\" alt=\"\" class=\"slider-198 slide-258\" \/><img loading=\"lazy\" decoding=\"async\" src=\"https:\/\/letempledeschats.fr\/wp-content\/uploads\/2020\/12\/IMG_2987-scaled-960x720.jpg\" height=\"720\" width=\"960\" title=\"IMG_2987\" alt=\"\" class=\"slider-198 slide-264\" \/><img loading=\"lazy\" decoding=\"async\" src=\"https:\/\/letempledeschats.fr\/wp-content\/uploads\/2024\/01\/IMG_5820-scaled-960x720.jpg\" height=\"720\" width=\"960\" title=\"IMG_5820\" alt=\"\" class=\"slider-198 slide-300\" \/><img loading=\"lazy\" decoding=\"async\" src=\"https:\/\/letempledeschats.fr\/wp-content\/uploads\/2024\/01\/IMG_0061-scaled-960x720.jpg\" height=\"720\" width=\"960\" title=\"IMG_0061\" alt=\"\" class=\"slider-198 slide-327\" \/><img loading=\"lazy\" decoding=\"async\" src=\"https:\/\/letempledeschats.fr\/wp-content\/uploads\/2024\/01\/IMG_0292-scaled-960x720.jpg\" height=\"720\" width=\"960\" title=\"IMG_0292\" alt=\"\" class=\"slider-198 slide-328\" \/><img loading=\"lazy\" decoding=\"async\" src=\"https:\/\/letempledeschats.fr\/wp-content\/uploads\/2024\/01\/IMG_0458-scaled-960x720.jpg\" height=\"720\" width=\"960\" title=\"IMG_0458\" alt=\"\" class=\"slider-198 slide-329\" \/><img loading=\"lazy\" decoding=\"async\" src=\"https:\/\/letempledeschats.fr\/wp-content\/uploads\/2024\/01\/IMG_0503-scaled-960x720.jpg\" height=\"720\" width=\"960\" title=\"IMG_0503\" alt=\"\" class=\"slider-198 slide-330\" \/><img loading=\"lazy\" decoding=\"async\" src=\"https:\/\/letempledeschats.fr\/wp-content\/uploads\/2024\/01\/IMG_1905-scaled-960x720.jpg\" height=\"720\" width=\"960\" title=\"IMG_1905\" alt=\"\" class=\"slider-198 slide-331\" \/><img loading=\"lazy\" decoding=\"async\" src=\"https:\/\/letempledeschats.fr\/wp-content\/uploads\/2024\/01\/IMG_2103-scaled-960x720.jpg\" height=\"720\" width=\"960\" title=\"IMG_2103\" alt=\"\" class=\"slider-198 slide-333\" \/><img loading=\"lazy\" decoding=\"async\" src=\"https:\/\/letempledeschats.fr\/wp-content\/uploads\/2024\/01\/IMG_2204-scaled-960x720.jpg\" height=\"720\" width=\"960\" title=\"IMG_2204\" alt=\"\" class=\"slider-198 slide-334\" \/><img loading=\"lazy\" decoding=\"async\" src=\"https:\/\/letempledeschats.fr\/wp-content\/uploads\/2024\/01\/IMG_2243-scaled-960x720.jpg\" height=\"720\" width=\"960\" title=\"IMG_2243\" alt=\"\" class=\"slider-198 slide-335\" \/><img loading=\"lazy\" decoding=\"async\" src=\"https:\/\/letempledeschats.fr\/wp-content\/uploads\/2024\/01\/IMG_4379-scaled-960x720.jpg\" height=\"720\" width=\"960\" title=\"IMG_4379\" alt=\"\" class=\"slider-198 slide-336\" \/><img loading=\"lazy\" decoding=\"async\" src=\"https:\/\/letempledeschats.fr\/wp-content\/uploads\/2024\/01\/IMG_4419-scaled-960x720.jpg\" height=\"720\" width=\"960\" title=\"IMG_4419\" alt=\"\" class=\"slider-198 slide-337\" \/><img loading=\"lazy\" decoding=\"async\" src=\"https:\/\/letempledeschats.fr\/wp-content\/uploads\/2024\/01\/IMG_4607-scaled-960x720.jpg\" height=\"720\" width=\"960\" title=\"IMG_4607\" alt=\"\" class=\"slider-198 slide-338\" \/><img loading=\"lazy\" decoding=\"async\" src=\"https:\/\/letempledeschats.fr\/wp-content\/uploads\/2024\/01\/IMG_4850-scaled-960x720.jpg\" height=\"720\" width=\"960\" title=\"IMG_4850\" alt=\"\" class=\"slider-198 slide-339\" \/><img loading=\"lazy\" decoding=\"async\" src=\"https:\/\/letempledeschats.fr\/wp-content\/uploads\/2024\/01\/IMG_4879-scaled-960x720.jpg\" height=\"720\" width=\"960\" title=\"IMG_4879\" alt=\"\" class=\"slider-198 slide-340\" \/><img loading=\"lazy\" decoding=\"async\" src=\"https:\/\/letempledeschats.fr\/wp-content\/uploads\/2024\/01\/IMG_5250-scaled-960x720.jpg\" height=\"720\" width=\"960\" title=\"IMG_5250\" alt=\"\" class=\"slider-198 slide-341\" \/><img loading=\"lazy\" decoding=\"async\" src=\"https:\/\/letempledeschats.fr\/wp-content\/uploads\/2024\/01\/IMG_5485-scaled-960x720.jpg\" height=\"720\" width=\"960\" title=\"IMG_5485\" alt=\"\" class=\"slider-198 slide-342\" \/><img loading=\"lazy\" decoding=\"async\" src=\"https:\/\/letempledeschats.fr\/wp-content\/uploads\/2024\/01\/IMG_5529-scaled-960x720.jpg\" height=\"720\" width=\"960\" title=\"IMG_5529\" alt=\"\" class=\"slider-198 slide-343\" \/><img loading=\"lazy\" decoding=\"async\" src=\"https:\/\/letempledeschats.fr\/wp-content\/uploads\/2024\/01\/IMG_5623-scaled-960x720.jpg\" height=\"720\" width=\"960\" title=\"IMG_5623\" alt=\"\" class=\"slider-198 slide-344\" \/><img loading=\"lazy\" decoding=\"async\" src=\"https:\/\/letempledeschats.fr\/wp-content\/uploads\/2024\/01\/IMG_9087-scaled-960x720.jpg\" height=\"720\" width=\"960\" title=\"IMG_9087\" alt=\"\" class=\"slider-198 slide-346\" \/><img loading=\"lazy\" decoding=\"async\" src=\"https:\/\/letempledeschats.fr\/wp-content\/uploads\/2024\/01\/IMG_9157-scaled-960x720.jpg\" height=\"720\" width=\"960\" title=\"IMG_9157\" alt=\"\" class=\"slider-198 slide-347\" \/><img loading=\"lazy\" decoding=\"async\" src=\"https:\/\/letempledeschats.fr\/wp-content\/uploads\/2024\/01\/IMG_9684-scaled-960x720.jpg\" height=\"720\" width=\"960\" title=\"IMG_9684\" alt=\"\" class=\"slider-198 slide-348\" \/><img loading=\"lazy\" decoding=\"async\" src=\"https:\/\/letempledeschats.fr\/wp-content\/uploads\/2024\/01\/IMG_9745-scaled-960x720.jpg\" height=\"720\" width=\"960\" title=\"IMG_9745\" alt=\"\" class=\"slider-198 slide-349\" \/><img loading=\"lazy\" decoding=\"async\" src=\"https:\/\/letempledeschats.fr\/wp-content\/uploads\/2024\/01\/IMG_9926-scaled-960x720.jpg\" height=\"720\" width=\"960\" title=\"IMG_9926\" alt=\"\" class=\"slider-198 slide-350\" \/><img loading=\"lazy\" decoding=\"async\" src=\"https:\/\/letempledeschats.fr\/wp-content\/uploads\/2024\/01\/IMG_9986-scaled-960x720.jpg\" height=\"720\" width=\"960\" title=\"IMG_9986\" alt=\"\" class=\"slider-198 slide-351\" \/><img loading=\"lazy\" decoding=\"async\" src=\"https:\/\/letempledeschats.fr\/wp-content\/uploads\/2024\/01\/IMG_9997-scaled-960x720.jpg\" height=\"720\" width=\"960\" title=\"IMG_9997\" alt=\"\" class=\"slider-198 slide-352\" \/><img loading=\"lazy\" decoding=\"async\" src=\"https:\/\/letempledeschats.fr\/wp-content\/uploads\/2024\/01\/IMG_0645-scaled-960x720.jpg\" height=\"720\" width=\"960\" title=\"IMG_0645\" alt=\"\" class=\"slider-198 slide-364\" \/><img loading=\"lazy\" decoding=\"async\" src=\"https:\/\/letempledeschats.fr\/wp-content\/uploads\/2024\/01\/IMG_0780-scaled-960x720.jpg\" height=\"720\" width=\"960\" title=\"IMG_0780\" alt=\"\" class=\"slider-198 slide-365\" \/><img loading=\"lazy\" decoding=\"async\" src=\"https:\/\/letempledeschats.fr\/wp-content\/uploads\/2024\/01\/IMG_0813-scaled-960x720.jpg\" height=\"720\" width=\"960\" title=\"IMG_0813\" alt=\"\" class=\"slider-198 slide-366\" \/><img loading=\"lazy\" decoding=\"async\" src=\"https:\/\/letempledeschats.fr\/wp-content\/uploads\/2024\/01\/IMG_0835-scaled-960x720.jpg\" height=\"720\" width=\"960\" title=\"IMG_0835\" alt=\"\" class=\"slider-198 slide-367\" \/><img loading=\"lazy\" decoding=\"async\" src=\"https:\/\/letempledeschats.fr\/wp-content\/uploads\/2024\/01\/IMG_1048-scaled-960x720.jpg\" height=\"720\" width=\"960\" title=\"IMG_1048\" alt=\"\" class=\"slider-198 slide-368\" \/><img loading=\"lazy\" decoding=\"async\" src=\"https:\/\/letempledeschats.fr\/wp-content\/uploads\/2024\/01\/IMG_1066-scaled-960x720.jpg\" height=\"720\" width=\"960\" title=\"IMG_1066\" alt=\"\" class=\"slider-198 slide-369\" \/><img loading=\"lazy\" decoding=\"async\" src=\"https:\/\/letempledeschats.fr\/wp-content\/uploads\/2024\/01\/IMG_1093-scaled-960x720.jpg\" height=\"720\" width=\"960\" title=\"IMG_1093\" alt=\"\" class=\"slider-198 slide-370\" \/><img loading=\"lazy\" decoding=\"async\" src=\"https:\/\/letempledeschats.fr\/wp-content\/uploads\/2024\/01\/IMG_6272-scaled-960x720.jpg\" height=\"720\" width=\"960\" title=\"IMG_6272\" alt=\"\" class=\"slider-198 slide-371\" \/><img loading=\"lazy\" decoding=\"async\" src=\"https:\/\/letempledeschats.fr\/wp-content\/uploads\/2024\/01\/IMG_7667-scaled-960x720.jpg\" height=\"720\" width=\"960\" title=\"IMG_7667\" alt=\"\" class=\"slider-198 slide-372\" \/><img loading=\"lazy\" decoding=\"async\" src=\"https:\/\/letempledeschats.fr\/wp-content\/uploads\/2024\/01\/IMG_9672-scaled-960x720.jpg\" height=\"720\" width=\"960\" title=\"IMG_9672\" alt=\"\" class=\"slider-198 slide-373\" \/><img loading=\"lazy\" decoding=\"async\" src=\"https:\/\/letempledeschats.fr\/wp-content\/uploads\/2024\/01\/IMG_9949-scaled-960x720.jpg\" height=\"720\" width=\"960\" title=\"IMG_9949\" alt=\"\" class=\"slider-198 slide-374\" \/><\/div><\/div>\n        \n    <\/div>\n<\/div>\n<p><span style=\"font-family: Arial, sans-serif;\">Celle-ci se situe au coeur d&rsquo;un magnifique corps de ferme, en plein centre de la ville de Mommenheim, situ\u00e9e \u00e0 une vingtaine de kilom\u00e8tres de l&rsquo;Eurom\u00e9tropole de Strasbourg, et une quinzaine de kilom\u00e8tres de Haguenau.<\/span><\/p>\n<p>&nbsp;<\/p>\n<p><span style=\"font-family: Arial, sans-serif;\">A l&rsquo;int\u00e9rieur, vos chats trouveront un grand espace, une vue sur la piscine. Pour les mois de grande chaleur, la climatisation est assur\u00e9e \u00e0 l&rsquo;int\u00e9rieur. <\/span><\/p>\n<p><span style=\"font-family: Arial, sans-serif;\">Les croquettes de la pension sont de qualit\u00e9 super premium.<\/span><\/p>\n<p><span style=\"font-family: Arial, sans-serif;\">Chaque jour, vos chats profiteront de nombreux c\u00e2lins et jeux. Notre philosophie sera toujours la m\u00eame : le bien-\u00eatre de votre chat durant son s\u00e9jour avec nous. <\/span><\/p>\n<p><span style=\"font-family: Arial, sans-serif;\">Pour les chats qui seraient un peu plus capricieux, qui auraient du mal \u00e0 \u00e9voluer au milieu de chats nous proposons des box individuels.<\/span><\/p>\n<p><span style=\"font-family: Arial, sans-serif;\">N&rsquo;h\u00e9sitez pas \u00e0 nous appeler, ou nous contacter via notre formulaire, pour demander une visite de la pension (sur RDV uniquement). <\/span><\/p>\n","protected":false},"excerpt":{"rendered":"<p>Bienvenue dans la pension f\u00e9line du \u00ab\u00a0Temple des Chats\u00a0\u00bb ! Celle-ci se situe au coeur d&rsquo;un magnifique corps de ferme, en plein centre de la ville de Mommenheim, situ\u00e9e \u00e0 une vingtaine de kilom\u00e8tres de l&rsquo;Eurom\u00e9tropole de Strasbourg, et une quinzaine de kilom\u00e8tres de Haguenau. &nbsp; A l&rsquo;int\u00e9rieur, vos chats trouveront un grand espace, une &hellip; <\/p>\n<p class=\"link-more\"><a href=\"https:\/\/letempledeschats.fr\/index.php\/la-pension\/\" class=\"more-link\">Continuer la lecture<span class=\"screen-reader-text\"> de &laquo;&nbsp;La pension&nbsp;&raquo;<\/span><\/a><\/p>\n","protected":false},"author":1,"featured_media":154,"parent":0,"menu_order":0,"comment_status":"closed","ping_status":"closed","template":"","meta":{"footnotes":""},"class_list":["post-8","page","type-page","status-publish","has-post-thumbnail","hentry"],"yoast_head":"<!-- This site is optimized with the Yoast SEO plugin v22.7 - https:\/\/yoast.com\/wordpress\/plugins\/seo\/ -->\n<title>La pension - Le Temple Des Chats<\/title>\n<meta name=\"description\" content=\"D\u00e9couvrez en photos notre pension pour chats, situ\u00e9e dans un joli corps de ferme \u00e0 Mommenheim, ainsi que tous les services mis en place pour leur confort.\" \/>\n<meta name=\"robots\" content=\"index, follow, max-snippet:-1, max-image-preview:large, max-video-preview:-1\" \/>\n<link rel=\"canonical\" href=\"https:\/\/letempledeschats.fr\/index.php\/la-pension\/\" \/>\n<meta property=\"og:locale\" content=\"fr_FR\" \/>\n<meta property=\"og:type\" content=\"article\" \/>\n<meta property=\"og:title\" content=\"La pension - Le Temple Des Chats\" \/>\n<meta property=\"og:description\" content=\"D\u00e9couvrez en photos notre pension pour chats, situ\u00e9e dans un joli corps de ferme \u00e0 Mommenheim, ainsi que tous les services mis en place pour leur confort.\" \/>\n<meta property=\"og:url\" content=\"https:\/\/letempledeschats.fr\/index.php\/la-pension\/\" \/>\n<meta property=\"og:site_name\" content=\"Le Temple Des Chats\" \/>\n<meta property=\"article:publisher\" content=\"https:\/\/www.facebook.com\/pensionfeline67\/\" \/>\n<meta property=\"article:modified_time\" content=\"2024-09-27T09:23:43+00:00\" \/>\n<meta property=\"og:image\" content=\"https:\/\/letempledeschats.fr\/wp-content\/uploads\/2019\/07\/chat-bouddha.jpg\" \/>\n\t<meta property=\"og:image:width\" content=\"4724\" \/>\n\t<meta property=\"og:image:height\" content=\"2912\" \/>\n\t<meta property=\"og:image:type\" content=\"image\/jpeg\" \/>\n<meta name=\"twitter:card\" content=\"summary_large_image\" \/>\n<meta name=\"twitter:label1\" content=\"Dur\u00e9e de lecture estim\u00e9e\" \/>\n\t<meta name=\"twitter:data1\" content=\"1 minute\" \/>\n<script type=\"application\/ld+json\" class=\"yoast-schema-graph\">{\"@context\":\"https:\/\/schema.org\",\"@graph\":[{\"@type\":\"WebPage\",\"@id\":\"https:\/\/letempledeschats.fr\/index.php\/la-pension\/\",\"url\":\"https:\/\/letempledeschats.fr\/index.php\/la-pension\/\",\"name\":\"La pension - Le Temple Des Chats\",\"isPartOf\":{\"@id\":\"https:\/\/letempledeschats.fr\/#website\"},\"primaryImageOfPage\":{\"@id\":\"https:\/\/letempledeschats.fr\/index.php\/la-pension\/#primaryimage\"},\"image\":{\"@id\":\"https:\/\/letempledeschats.fr\/index.php\/la-pension\/#primaryimage\"},\"thumbnailUrl\":\"https:\/\/letempledeschats.fr\/wp-content\/uploads\/2019\/07\/chat-bouddha.jpg\",\"datePublished\":\"2019-02-20T19:48:51+00:00\",\"dateModified\":\"2024-09-27T09:23:43+00:00\",\"description\":\"D\u00e9couvrez en photos notre pension pour chats, situ\u00e9e dans un joli corps de ferme \u00e0 Mommenheim, ainsi que tous les services mis en place pour leur confort.\",\"breadcrumb\":{\"@id\":\"https:\/\/letempledeschats.fr\/index.php\/la-pension\/#breadcrumb\"},\"inLanguage\":\"fr-FR\",\"potentialAction\":[{\"@type\":\"ReadAction\",\"target\":[\"https:\/\/letempledeschats.fr\/index.php\/la-pension\/\"]}]},{\"@type\":\"ImageObject\",\"inLanguage\":\"fr-FR\",\"@id\":\"https:\/\/letempledeschats.fr\/index.php\/la-pension\/#primaryimage\",\"url\":\"https:\/\/letempledeschats.fr\/wp-content\/uploads\/2019\/07\/chat-bouddha.jpg\",\"contentUrl\":\"https:\/\/letempledeschats.fr\/wp-content\/uploads\/2019\/07\/chat-bouddha.jpg\",\"width\":4724,\"height\":2912,\"caption\":\"chat bouddha\"},{\"@type\":\"BreadcrumbList\",\"@id\":\"https:\/\/letempledeschats.fr\/index.php\/la-pension\/#breadcrumb\",\"itemListElement\":[{\"@type\":\"ListItem\",\"position\":1,\"name\":\"Accueil\",\"item\":\"https:\/\/letempledeschats.fr\/\"},{\"@type\":\"ListItem\",\"position\":2,\"name\":\"La pension\"}]},{\"@type\":\"WebSite\",\"@id\":\"https:\/\/letempledeschats.fr\/#website\",\"url\":\"https:\/\/letempledeschats.fr\/\",\"name\":\"Le Temple Des Chats\",\"description\":\"Pension pour chats \u00e0 Mommenheim\",\"publisher\":{\"@id\":\"https:\/\/letempledeschats.fr\/#organization\"},\"potentialAction\":[{\"@type\":\"SearchAction\",\"target\":{\"@type\":\"EntryPoint\",\"urlTemplate\":\"https:\/\/letempledeschats.fr\/?s={search_term_string}\"},\"query-input\":\"required name=search_term_string\"}],\"inLanguage\":\"fr-FR\"},{\"@type\":\"Organization\",\"@id\":\"https:\/\/letempledeschats.fr\/#organization\",\"name\":\"Le Temple des Chats\",\"url\":\"https:\/\/letempledeschats.fr\/\",\"logo\":{\"@type\":\"ImageObject\",\"inLanguage\":\"fr-FR\",\"@id\":\"https:\/\/letempledeschats.fr\/#\/schema\/logo\/image\/\",\"url\":\"https:\/\/letempledeschats.fr\/wp-content\/uploads\/2019\/02\/Logo-chat-1.jpg\",\"contentUrl\":\"https:\/\/letempledeschats.fr\/wp-content\/uploads\/2019\/02\/Logo-chat-1.jpg\",\"width\":4508,\"height\":2045,\"caption\":\"Le Temple des Chats\"},\"image\":{\"@id\":\"https:\/\/letempledeschats.fr\/#\/schema\/logo\/image\/\"},\"sameAs\":[\"https:\/\/www.facebook.com\/pensionfeline67\/\"]}]}<\/script>\n<!-- \/ Yoast SEO plugin. -->","yoast_head_json":{"title":"La pension - Le Temple Des Chats","description":"D\u00e9couvrez en photos notre pension pour chats, situ\u00e9e dans un joli corps de ferme \u00e0 Mommenheim, ainsi que tous les services mis en place pour leur confort.","robots":{"index":"index","follow":"follow","max-snippet":"max-snippet:-1","max-image-preview":"max-image-preview:large","max-video-preview":"max-video-preview:-1"},"canonical":"https:\/\/letempledeschats.fr\/index.php\/la-pension\/","og_locale":"fr_FR","og_type":"article","og_title":"La pension - Le Temple Des Chats","og_description":"D\u00e9couvrez en photos notre pension pour chats, situ\u00e9e dans un joli corps de ferme \u00e0 Mommenheim, ainsi que tous les services mis en place pour leur confort.","og_url":"https:\/\/letempledeschats.fr\/index.php\/la-pension\/","og_site_name":"Le Temple Des Chats","article_publisher":"https:\/\/www.facebook.com\/pensionfeline67\/","article_modified_time":"2024-09-27T09:23:43+00:00","og_image":[{"width":4724,"height":2912,"url":"https:\/\/letempledeschats.fr\/wp-content\/uploads\/2019\/07\/chat-bouddha.jpg","type":"image\/jpeg"}],"twitter_card":"summary_large_image","twitter_misc":{"Dur\u00e9e de lecture estim\u00e9e":"1 minute"},"schema":{"@context":"https:\/\/schema.org","@graph":[{"@type":"WebPage","@id":"https:\/\/letempledeschats.fr\/index.php\/la-pension\/","url":"https:\/\/letempledeschats.fr\/index.php\/la-pension\/","name":"La pension - Le Temple Des Chats","isPartOf":{"@id":"https:\/\/letempledeschats.fr\/#website"},"primaryImageOfPage":{"@id":"https:\/\/letempledeschats.fr\/index.php\/la-pension\/#primaryimage"},"image":{"@id":"https:\/\/letempledeschats.fr\/index.php\/la-pension\/#primaryimage"},"thumbnailUrl":"https:\/\/letempledeschats.fr\/wp-content\/uploads\/2019\/07\/chat-bouddha.jpg","datePublished":"2019-02-20T19:48:51+00:00","dateModified":"2024-09-27T09:23:43+00:00","description":"D\u00e9couvrez en photos notre pension pour chats, situ\u00e9e dans un joli corps de ferme \u00e0 Mommenheim, ainsi que tous les services mis en place pour leur confort.","breadcrumb":{"@id":"https:\/\/letempledeschats.fr\/index.php\/la-pension\/#breadcrumb"},"inLanguage":"fr-FR","potentialAction":[{"@type":"ReadAction","target":["https:\/\/letempledeschats.fr\/index.php\/la-pension\/"]}]},{"@type":"ImageObject","inLanguage":"fr-FR","@id":"https:\/\/letempledeschats.fr\/index.php\/la-pension\/#primaryimage","url":"https:\/\/letempledeschats.fr\/wp-content\/uploads\/2019\/07\/chat-bouddha.jpg","contentUrl":"https:\/\/letempledeschats.fr\/wp-content\/uploads\/2019\/07\/chat-bouddha.jpg","width":4724,"height":2912,"caption":"chat bouddha"},{"@type":"BreadcrumbList","@id":"https:\/\/letempledeschats.fr\/index.php\/la-pension\/#breadcrumb","itemListElement":[{"@type":"ListItem","position":1,"name":"Accueil","item":"https:\/\/letempledeschats.fr\/"},{"@type":"ListItem","position":2,"name":"La pension"}]},{"@type":"WebSite","@id":"https:\/\/letempledeschats.fr\/#website","url":"https:\/\/letempledeschats.fr\/","name":"Le Temple Des Chats","description":"Pension pour chats \u00e0 Mommenheim","publisher":{"@id":"https:\/\/letempledeschats.fr\/#organization"},"potentialAction":[{"@type":"SearchAction","target":{"@type":"EntryPoint","urlTemplate":"https:\/\/letempledeschats.fr\/?s={search_term_string}"},"query-input":"required name=search_term_string"}],"inLanguage":"fr-FR"},{"@type":"Organization","@id":"https:\/\/letempledeschats.fr\/#organization","name":"Le Temple des Chats","url":"https:\/\/letempledeschats.fr\/","logo":{"@type":"ImageObject","inLanguage":"fr-FR","@id":"https:\/\/letempledeschats.fr\/#\/schema\/logo\/image\/","url":"https:\/\/letempledeschats.fr\/wp-content\/uploads\/2019\/02\/Logo-chat-1.jpg","contentUrl":"https:\/\/letempledeschats.fr\/wp-content\/uploads\/2019\/02\/Logo-chat-1.jpg","width":4508,"height":2045,"caption":"Le Temple des Chats"},"image":{"@id":"https:\/\/letempledeschats.fr\/#\/schema\/logo\/image\/"},"sameAs":["https:\/\/www.facebook.com\/pensionfeline67\/"]}]}},"_links":{"self":[{"href":"https:\/\/letempledeschats.fr\/index.php\/wp-json\/wp\/v2\/pages\/8","targetHints":{"allow":["GET"]}}],"collection":[{"href":"https:\/\/letempledeschats.fr\/index.php\/wp-json\/wp\/v2\/pages"}],"about":[{"href":"https:\/\/letempledeschats.fr\/index.php\/wp-json\/wp\/v2\/types\/page"}],"author":[{"embeddable":true,"href":"https:\/\/letempledeschats.fr\/index.php\/wp-json\/wp\/v2\/users\/1"}],"replies":[{"embeddable":true,"href":"https:\/\/letempledeschats.fr\/index.php\/wp-json\/wp\/v2\/comments?post=8"}],"version-history":[{"count":15,"href":"https:\/\/letempledeschats.fr\/index.php\/wp-json\/wp\/v2\/pages\/8\/revisions"}],"predecessor-version":[{"id":394,"href":"https:\/\/letempledeschats.fr\/index.php\/wp-json\/wp\/v2\/pages\/8\/revisions\/394"}],"wp:featuredmedia":[{"embeddable":true,"href":"https:\/\/letempledeschats.fr\/index.php\/wp-json\/wp\/v2\/media\/154"}],"wp:attachment":[{"href":"https:\/\/letempledeschats.fr\/index.php\/wp-json\/wp\/v2\/media?parent=8"}],"curies":[{"name":"wp","href":"https:\/\/api.w.org\/{rel}","templated":true}]}}