{"id":62,"date":"2019-04-20T12:03:56","date_gmt":"2019-04-20T10:03:56","guid":{"rendered":"http:\/\/letempledeschats.fr\/?page_id=62"},"modified":"2023-05-29T18:55:05","modified_gmt":"2023-05-29T16:55:05","slug":"contact","status":"publish","type":"page","link":"https:\/\/letempledeschats.fr\/index.php\/contact\/","title":{"rendered":"Contact"},"content":{"rendered":"<h2>Vous souhaitez nous \u00e9crire ? Remplissez ce formulaire de contact, et nous vous r\u00e9pondrons dans les plus brefs d\u00e9lais !<\/h2>\n\n<div class=\"wpcf7 no-js\" id=\"wpcf7-f54-o1\" lang=\"fr-FR\" dir=\"ltr\">\n<div class=\"screen-reader-response\"><p role=\"status\" aria-live=\"polite\" aria-atomic=\"true\"><\/p> <ul><\/ul><\/div>\n<form action=\"\/index.php\/wp-json\/wp\/v2\/pages\/62#wpcf7-f54-o1\" method=\"post\" class=\"wpcf7-form init\" aria-label=\"Formulaire de contact\" novalidate=\"novalidate\" data-status=\"init\">\n<div style=\"display: none;\">\n<input type=\"hidden\" name=\"_wpcf7\" value=\"54\" \/>\n<input type=\"hidden\" name=\"_wpcf7_version\" value=\"5.9.4\" \/>\n<input type=\"hidden\" name=\"_wpcf7_locale\" value=\"fr_FR\" \/>\n<input type=\"hidden\" name=\"_wpcf7_unit_tag\" value=\"wpcf7-f54-o1\" \/>\n<input type=\"hidden\" name=\"_wpcf7_container_post\" value=\"0\" \/>\n<input type=\"hidden\" name=\"_wpcf7_posted_data_hash\" value=\"\" \/>\n<input type=\"hidden\" name=\"_wpcf7_recaptcha_response\" value=\"\" \/>\n<\/div>\n<p><label> Votre nom (obligatoire)<br \/>\n<span class=\"wpcf7-form-control-wrap\" data-name=\"your-name\"><input size=\"40\" class=\"wpcf7-form-control wpcf7-text wpcf7-validates-as-required\" aria-required=\"true\" aria-invalid=\"false\" value=\"\" type=\"text\" name=\"your-name\" \/><\/span> <\/label>\n<\/p>\n<p><label> Votre adresse de messagerie (obligatoire)<br \/>\n<span class=\"wpcf7-form-control-wrap\" data-name=\"your-email\"><input size=\"40\" class=\"wpcf7-form-control wpcf7-email wpcf7-validates-as-required wpcf7-text wpcf7-validates-as-email\" aria-required=\"true\" aria-invalid=\"false\" value=\"\" type=\"email\" name=\"your-email\" \/><\/span> <\/label>\n<\/p>\n<p><label> Votre num\u00e9ro de t\u00e9l\u00e9phone<br \/>\n<span class=\"wpcf7-form-control-wrap\" data-name=\"telephone\"><input size=\"40\" class=\"wpcf7-form-control wpcf7-tel wpcf7-text wpcf7-validates-as-tel\" aria-invalid=\"false\" value=\"\" type=\"tel\" name=\"telephone\" \/><\/span> <\/label>\n<\/p>\n<p><label> Votre message<br \/>\n<span class=\"wpcf7-form-control-wrap\" data-name=\"your-message\"><textarea cols=\"40\" rows=\"10\" class=\"wpcf7-form-control wpcf7-textarea\" aria-invalid=\"false\" name=\"your-message\"><\/textarea><\/span> <\/label>\n<\/p>\n<p><input class=\"wpcf7-form-control wpcf7-submit has-spinner\" type=\"submit\" value=\"Envoyer\" \/>\n<\/p><p style=\"display: none !important;\" class=\"akismet-fields-container\" data-prefix=\"_wpcf7_ak_\"><label>&#916;<textarea name=\"_wpcf7_ak_hp_textarea\" cols=\"45\" rows=\"8\" maxlength=\"100\"><\/textarea><\/label><input type=\"hidden\" id=\"ak_js_1\" name=\"_wpcf7_ak_js\" value=\"2\"\/><script>document.getElementById( \"ak_js_1\" ).setAttribute( \"value\", ( new Date() ).getTime() );<\/script><\/p><div class=\"wpcf7-response-output\" aria-hidden=\"true\"><\/div>\n<\/form>\n<\/div>\n\n<h2>O\u00f9 sommes nous ?<\/h2>\n<p style=\"text-align: center;\" align=\"LEFT\"><span style=\"font-size: large;\"><b>LE TEMPLE DES CHATS<br \/>\n<\/b><\/span><span style=\"font-size: large;\"><b>37 RUE DU GENERAL LECLERC 67670 MOMMENHEIM <\/b><\/span><\/p>\n<p align=\"LEFT\"><span style=\"font-size: large;\"><b>PLAN<\/b><\/span><\/p>\n<p><iframe loading=\"lazy\" style=\"border: 0;\" src=\"https:\/\/www.google.com\/maps\/embed?pb=!1m18!1m12!1m3!1d2630.308451870651!2d7.640143715083199!3d48.75690561580195!2m3!1f0!2f0!3f0!3m2!1i1024!2i768!4f13.1!3m3!1m2!1s0x4796bd8a09c95797%3A0x57270e1111101773!2sLe+temple+des+chats!5e0!3m2!1sfr!2sfr!4v1565029820408!5m2!1sfr!2sfr\" width=\"800\" height=\"600\" frameborder=\"0\" allowfullscreen=\"allowfullscreen\"><\/iframe><\/p>\n<h2 align=\"LEFT\">Comment nous contacter ?<\/h2>\n<p align=\"LEFT\"><span style=\"font-size: large;\"><b>TEL : 0783263145<br \/>\n<\/b><\/span><span style=\"font-size: large;\"><b>MAIL :\u00a0<a href=\"mailto:contact@letempledeschats.fr\">contact@letempledeschats.fr\u00a0\u00a0<\/a><br \/>\nSIRET\u00a0: 51537543400021<br \/>\n<\/b><\/span><span style=\"font-size: large;\"><b>attestation de connaissances d\u00e9livr\u00e9 par la DRAAF n\u00b0 2019\u00a0\/0162-08a9<\/b><\/span><\/p>\n<p><span style=\"font-size: large;\"><b>Notre page <a href=\"https:\/\/www.facebook.com\/pensionfeline67\/\">FACEBOOK <\/a><\/b><\/span><\/p>\n<figure id=\"attachment_166\" aria-describedby=\"caption-attachment-166\" style=\"width: 300px\" class=\"wp-caption aligncenter\"><img loading=\"lazy\" decoding=\"async\" class=\"size-full wp-image-166\" src=\"http:\/\/letempledeschats.fr\/wp-content\/uploads\/2019\/07\/Unitag_QRCode_1550694328964.png\" alt=\"\" width=\"300\" height=\"300\" srcset=\"https:\/\/letempledeschats.fr\/wp-content\/uploads\/2019\/07\/Unitag_QRCode_1550694328964.png 300w, https:\/\/letempledeschats.fr\/wp-content\/uploads\/2019\/07\/Unitag_QRCode_1550694328964-150x150.png 150w, https:\/\/letempledeschats.fr\/wp-content\/uploads\/2019\/07\/Unitag_QRCode_1550694328964-100x100.png 100w\" sizes=\"auto, (max-width: 300px) 100vw, 300px\" \/><figcaption id=\"caption-attachment-166\" class=\"wp-caption-text\">QRCode<\/figcaption><\/figure>\n<p align=\"LEFT\">\n<p align=\"LEFT\"><span style=\"font-size: large;\"><b>Le Temple des Chats a un v\u00e9t\u00e9rinaire sanitaire r\u00e9f\u00e9rent :<\/b><\/span><\/p>\n<p>Docteur Luders<br \/>\nKaltenhouse<br \/>\nPage <a href=\"https:\/\/www.facebook.com\/clinvetluderstalon\/\">FACEBOOK<\/a><\/p>\n","protected":false},"excerpt":{"rendered":"<p>Vous souhaitez nous \u00e9crire ? Remplissez ce formulaire de contact, et nous vous r\u00e9pondrons dans les plus brefs d\u00e9lais ! O\u00f9 sommes nous ? LE TEMPLE DES CHATS 37 RUE DU GENERAL LECLERC 67670 MOMMENHEIM PLAN Comment nous contacter ? TEL : 0783263145 MAIL :\u00a0contact@letempledeschats.fr\u00a0\u00a0 SIRET\u00a0: 51537543400021 attestation de connaissances d\u00e9livr\u00e9 par la DRAAF n\u00b0 &hellip; <\/p>\n<p class=\"link-more\"><a href=\"https:\/\/letempledeschats.fr\/index.php\/contact\/\" class=\"more-link\">Continuer la lecture<span class=\"screen-reader-text\"> de &laquo;&nbsp;Contact&nbsp;&raquo;<\/span><\/a><\/p>\n","protected":false},"author":1,"featured_media":73,"parent":0,"menu_order":0,"comment_status":"closed","ping_status":"closed","template":"","meta":{"footnotes":""},"class_list":["post-62","page","type-page","status-publish","has-post-thumbnail","hentry"],"yoast_head":"<!-- This site is optimized with the Yoast SEO plugin v22.7 - https:\/\/yoast.com\/wordpress\/plugins\/seo\/ -->\n<title>Contact - Le Temple Des Chats<\/title>\n<meta name=\"description\" content=\"Vous pouvez ici nous laisser un message gr\u00e2ce au formulaire de contact, nous joindre par t\u00e9l\u00e9phone ou bien encore via nos r\u00e9seaux sociaux.\" \/>\n<meta name=\"robots\" content=\"index, follow, max-snippet:-1, max-image-preview:large, max-video-preview:-1\" \/>\n<link rel=\"canonical\" href=\"https:\/\/letempledeschats.fr\/index.php\/contact\/\" \/>\n<meta property=\"og:locale\" content=\"fr_FR\" \/>\n<meta property=\"og:type\" content=\"article\" \/>\n<meta property=\"og:title\" content=\"Contact - Le Temple Des Chats\" \/>\n<meta property=\"og:description\" content=\"Vous pouvez ici nous laisser un message gr\u00e2ce au formulaire de contact, nous joindre par t\u00e9l\u00e9phone ou bien encore via nos r\u00e9seaux sociaux.\" \/>\n<meta property=\"og:url\" content=\"https:\/\/letempledeschats.fr\/index.php\/contact\/\" \/>\n<meta property=\"og:site_name\" content=\"Le Temple Des Chats\" \/>\n<meta property=\"article:publisher\" content=\"https:\/\/www.facebook.com\/pensionfeline67\/\" \/>\n<meta property=\"article:modified_time\" content=\"2023-05-29T16:55:05+00:00\" \/>\n<meta property=\"og:image\" content=\"https:\/\/letempledeschats.fr\/wp-content\/uploads\/2019\/04\/temple-chat-telephone.jpg\" \/>\n\t<meta property=\"og:image:width\" content=\"1920\" \/>\n\t<meta property=\"og:image:height\" content=\"1148\" \/>\n\t<meta property=\"og:image:type\" content=\"image\/jpeg\" \/>\n<meta name=\"twitter:card\" content=\"summary_large_image\" \/>\n<script type=\"application\/ld+json\" class=\"yoast-schema-graph\">{\"@context\":\"https:\/\/schema.org\",\"@graph\":[{\"@type\":\"WebPage\",\"@id\":\"https:\/\/letempledeschats.fr\/index.php\/contact\/\",\"url\":\"https:\/\/letempledeschats.fr\/index.php\/contact\/\",\"name\":\"Contact - Le Temple Des Chats\",\"isPartOf\":{\"@id\":\"https:\/\/letempledeschats.fr\/#website\"},\"primaryImageOfPage\":{\"@id\":\"https:\/\/letempledeschats.fr\/index.php\/contact\/#primaryimage\"},\"image\":{\"@id\":\"https:\/\/letempledeschats.fr\/index.php\/contact\/#primaryimage\"},\"thumbnailUrl\":\"https:\/\/letempledeschats.fr\/wp-content\/uploads\/2019\/04\/temple-chat-telephone.jpg\",\"datePublished\":\"2019-04-20T10:03:56+00:00\",\"dateModified\":\"2023-05-29T16:55:05+00:00\",\"description\":\"Vous pouvez ici nous laisser un message gr\u00e2ce au formulaire de contact, nous joindre par t\u00e9l\u00e9phone ou bien encore via nos r\u00e9seaux sociaux.\",\"breadcrumb\":{\"@id\":\"https:\/\/letempledeschats.fr\/index.php\/contact\/#breadcrumb\"},\"inLanguage\":\"fr-FR\",\"potentialAction\":[{\"@type\":\"ReadAction\",\"target\":[\"https:\/\/letempledeschats.fr\/index.php\/contact\/\"]}]},{\"@type\":\"ImageObject\",\"inLanguage\":\"fr-FR\",\"@id\":\"https:\/\/letempledeschats.fr\/index.php\/contact\/#primaryimage\",\"url\":\"https:\/\/letempledeschats.fr\/wp-content\/uploads\/2019\/04\/temple-chat-telephone.jpg\",\"contentUrl\":\"https:\/\/letempledeschats.fr\/wp-content\/uploads\/2019\/04\/temple-chat-telephone.jpg\",\"width\":1920,\"height\":1148,\"caption\":\"temple-chat-telephone-contact\"},{\"@type\":\"BreadcrumbList\",\"@id\":\"https:\/\/letempledeschats.fr\/index.php\/contact\/#breadcrumb\",\"itemListElement\":[{\"@type\":\"ListItem\",\"position\":1,\"name\":\"Accueil\",\"item\":\"https:\/\/letempledeschats.fr\/\"},{\"@type\":\"ListItem\",\"position\":2,\"name\":\"Contact\"}]},{\"@type\":\"WebSite\",\"@id\":\"https:\/\/letempledeschats.fr\/#website\",\"url\":\"https:\/\/letempledeschats.fr\/\",\"name\":\"Le Temple Des Chats\",\"description\":\"Pension pour chats \u00e0 Mommenheim\",\"publisher\":{\"@id\":\"https:\/\/letempledeschats.fr\/#organization\"},\"potentialAction\":[{\"@type\":\"SearchAction\",\"target\":{\"@type\":\"EntryPoint\",\"urlTemplate\":\"https:\/\/letempledeschats.fr\/?s={search_term_string}\"},\"query-input\":\"required name=search_term_string\"}],\"inLanguage\":\"fr-FR\"},{\"@type\":\"Organization\",\"@id\":\"https:\/\/letempledeschats.fr\/#organization\",\"name\":\"Le Temple des Chats\",\"url\":\"https:\/\/letempledeschats.fr\/\",\"logo\":{\"@type\":\"ImageObject\",\"inLanguage\":\"fr-FR\",\"@id\":\"https:\/\/letempledeschats.fr\/#\/schema\/logo\/image\/\",\"url\":\"https:\/\/letempledeschats.fr\/wp-content\/uploads\/2019\/02\/Logo-chat-1.jpg\",\"contentUrl\":\"https:\/\/letempledeschats.fr\/wp-content\/uploads\/2019\/02\/Logo-chat-1.jpg\",\"width\":4508,\"height\":2045,\"caption\":\"Le Temple des Chats\"},\"image\":{\"@id\":\"https:\/\/letempledeschats.fr\/#\/schema\/logo\/image\/\"},\"sameAs\":[\"https:\/\/www.facebook.com\/pensionfeline67\/\"]}]}<\/script>\n<!-- \/ Yoast SEO plugin. -->","yoast_head_json":{"title":"Contact - Le Temple Des Chats","description":"Vous pouvez ici nous laisser un message gr\u00e2ce au formulaire de contact, nous joindre par t\u00e9l\u00e9phone ou bien encore via nos r\u00e9seaux sociaux.","robots":{"index":"index","follow":"follow","max-snippet":"max-snippet:-1","max-image-preview":"max-image-preview:large","max-video-preview":"max-video-preview:-1"},"canonical":"https:\/\/letempledeschats.fr\/index.php\/contact\/","og_locale":"fr_FR","og_type":"article","og_title":"Contact - Le Temple Des Chats","og_description":"Vous pouvez ici nous laisser un message gr\u00e2ce au formulaire de contact, nous joindre par t\u00e9l\u00e9phone ou bien encore via nos r\u00e9seaux sociaux.","og_url":"https:\/\/letempledeschats.fr\/index.php\/contact\/","og_site_name":"Le Temple Des Chats","article_publisher":"https:\/\/www.facebook.com\/pensionfeline67\/","article_modified_time":"2023-05-29T16:55:05+00:00","og_image":[{"width":1920,"height":1148,"url":"https:\/\/letempledeschats.fr\/wp-content\/uploads\/2019\/04\/temple-chat-telephone.jpg","type":"image\/jpeg"}],"twitter_card":"summary_large_image","schema":{"@context":"https:\/\/schema.org","@graph":[{"@type":"WebPage","@id":"https:\/\/letempledeschats.fr\/index.php\/contact\/","url":"https:\/\/letempledeschats.fr\/index.php\/contact\/","name":"Contact - Le Temple Des Chats","isPartOf":{"@id":"https:\/\/letempledeschats.fr\/#website"},"primaryImageOfPage":{"@id":"https:\/\/letempledeschats.fr\/index.php\/contact\/#primaryimage"},"image":{"@id":"https:\/\/letempledeschats.fr\/index.php\/contact\/#primaryimage"},"thumbnailUrl":"https:\/\/letempledeschats.fr\/wp-content\/uploads\/2019\/04\/temple-chat-telephone.jpg","datePublished":"2019-04-20T10:03:56+00:00","dateModified":"2023-05-29T16:55:05+00:00","description":"Vous pouvez ici nous laisser un message gr\u00e2ce au formulaire de contact, nous joindre par t\u00e9l\u00e9phone ou bien encore via nos r\u00e9seaux sociaux.","breadcrumb":{"@id":"https:\/\/letempledeschats.fr\/index.php\/contact\/#breadcrumb"},"inLanguage":"fr-FR","potentialAction":[{"@type":"ReadAction","target":["https:\/\/letempledeschats.fr\/index.php\/contact\/"]}]},{"@type":"ImageObject","inLanguage":"fr-FR","@id":"https:\/\/letempledeschats.fr\/index.php\/contact\/#primaryimage","url":"https:\/\/letempledeschats.fr\/wp-content\/uploads\/2019\/04\/temple-chat-telephone.jpg","contentUrl":"https:\/\/letempledeschats.fr\/wp-content\/uploads\/2019\/04\/temple-chat-telephone.jpg","width":1920,"height":1148,"caption":"temple-chat-telephone-contact"},{"@type":"BreadcrumbList","@id":"https:\/\/letempledeschats.fr\/index.php\/contact\/#breadcrumb","itemListElement":[{"@type":"ListItem","position":1,"name":"Accueil","item":"https:\/\/letempledeschats.fr\/"},{"@type":"ListItem","position":2,"name":"Contact"}]},{"@type":"WebSite","@id":"https:\/\/letempledeschats.fr\/#website","url":"https:\/\/letempledeschats.fr\/","name":"Le Temple Des Chats","description":"Pension pour chats \u00e0 Mommenheim","publisher":{"@id":"https:\/\/letempledeschats.fr\/#organization"},"potentialAction":[{"@type":"SearchAction","target":{"@type":"EntryPoint","urlTemplate":"https:\/\/letempledeschats.fr\/?s={search_term_string}"},"query-input":"required name=search_term_string"}],"inLanguage":"fr-FR"},{"@type":"Organization","@id":"https:\/\/letempledeschats.fr\/#organization","name":"Le Temple des Chats","url":"https:\/\/letempledeschats.fr\/","logo":{"@type":"ImageObject","inLanguage":"fr-FR","@id":"https:\/\/letempledeschats.fr\/#\/schema\/logo\/image\/","url":"https:\/\/letempledeschats.fr\/wp-content\/uploads\/2019\/02\/Logo-chat-1.jpg","contentUrl":"https:\/\/letempledeschats.fr\/wp-content\/uploads\/2019\/02\/Logo-chat-1.jpg","width":4508,"height":2045,"caption":"Le Temple des Chats"},"image":{"@id":"https:\/\/letempledeschats.fr\/#\/schema\/logo\/image\/"},"sameAs":["https:\/\/www.facebook.com\/pensionfeline67\/"]}]}},"_links":{"self":[{"href":"https:\/\/letempledeschats.fr\/index.php\/wp-json\/wp\/v2\/pages\/62","targetHints":{"allow":["GET"]}}],"collection":[{"href":"https:\/\/letempledeschats.fr\/index.php\/wp-json\/wp\/v2\/pages"}],"about":[{"href":"https:\/\/letempledeschats.fr\/index.php\/wp-json\/wp\/v2\/types\/page"}],"author":[{"embeddable":true,"href":"https:\/\/letempledeschats.fr\/index.php\/wp-json\/wp\/v2\/users\/1"}],"replies":[{"embeddable":true,"href":"https:\/\/letempledeschats.fr\/index.php\/wp-json\/wp\/v2\/comments?post=62"}],"version-history":[{"count":24,"href":"https:\/\/letempledeschats.fr\/index.php\/wp-json\/wp\/v2\/pages\/62\/revisions"}],"predecessor-version":[{"id":293,"href":"https:\/\/letempledeschats.fr\/index.php\/wp-json\/wp\/v2\/pages\/62\/revisions\/293"}],"wp:featuredmedia":[{"embeddable":true,"href":"https:\/\/letempledeschats.fr\/index.php\/wp-json\/wp\/v2\/media\/73"}],"wp:attachment":[{"href":"https:\/\/letempledeschats.fr\/index.php\/wp-json\/wp\/v2\/media?parent=62"}],"curies":[{"name":"wp","href":"https:\/\/api.w.org\/{rel}","templated":true}]}}