{"id":11,"date":"2019-02-20T20:48:51","date_gmt":"2019-02-20T19:48:51","guid":{"rendered":"http:\/\/letempledeschats.fr\/?page_id=11"},"modified":"2025-12-16T17:36:12","modified_gmt":"2025-12-16T16:36:12","slug":"tarifs","status":"publish","type":"page","link":"https:\/\/letempledeschats.fr\/index.php\/tarifs\/","title":{"rendered":"Les tarifs"},"content":{"rendered":"<h2><span style=\"font-family: Arial, sans-serif;\">Voici les tarifs appliqu\u00e9s par la pension Le Temple des Chats, affich\u00e9s en TTC.<\/span><\/h2>\n<p>&nbsp;<\/p>\n<table style=\"width: 100%;\" border=\"1\" width=\"100%\" cellspacing=\"0\" cellpadding=\"4\">\n<colgroup>\n<col width=\"64*\" \/>\n<col width=\"64*\" \/>\n<col width=\"64*\" \/>\n<col width=\"64*\" \/> <\/colgroup>\n<tbody>\n<tr valign=\"TOP\">\n<td style=\"width: 25%;\" width=\"25%\"><\/td>\n<td style=\"width: 75%;\" colspan=\"3\" width=\"75%\">\n<p align=\"CENTER\"><span style=\"font-size: 14pt;\"><strong><span style=\"font-family: Arial, sans-serif;\">Nombre de nuits<\/span><\/strong><\/span><\/p>\n<\/td>\n<\/tr>\n<tr valign=\"TOP\">\n<td style=\"width: 25%;\" width=\"25%\">\n<p align=\"CENTER\"><span style=\"font-size: 14pt;\"><strong><span style=\"font-family: Arial, sans-serif;\">Nombre de chats<\/span><\/strong><\/span><\/p>\n<\/td>\n<td style=\"width: 25.1724%;\" width=\"25%\"><span style=\"font-size: 14pt;\"><strong><span style=\"font-family: Arial, sans-serif;\">de 1 \u00e0 7 n<\/span><\/strong><\/span><\/td>\n<td style=\"width: 24.8276%;\" width=\"25%\"><span style=\"font-size: 14pt;\"><strong><span style=\"font-family: Arial, sans-serif;\">de 8 \u00e0 14 n<\/span><\/strong><\/span><\/td>\n<td style=\"width: 25%;\" width=\"25%\"><span style=\"font-size: 14pt;\"><strong><span style=\"font-family: Arial, sans-serif;\">\u00e0 partir de 15 n<\/span><\/strong><\/span><\/td>\n<\/tr>\n<tr valign=\"TOP\">\n<td style=\"width: 25%;\" width=\"25%\"><span style=\"font-size: 14pt;\"><strong><span style=\"font-family: Arial, sans-serif;\">1 CHAT<\/span><\/strong><\/span><\/td>\n<td style=\"width: 25.1724%;\" width=\"25%\"><span style=\"font-size: 14pt;\"><strong><span style=\"font-family: Arial, sans-serif;\">17,50 \u20ac<\/span><\/strong><\/span><\/td>\n<td style=\"width: 24.8276%;\" width=\"25%\"><span style=\"font-size: 14pt;\"><strong><span style=\"font-family: Arial, sans-serif;\">17,00 \u20ac<\/span><\/strong><\/span><\/td>\n<td style=\"width: 25%;\" width=\"25%\"><span style=\"font-size: 14pt;\"><strong><span style=\"font-family: Arial, sans-serif;\">16,50 \u20ac<\/span><\/strong><\/span><\/td>\n<\/tr>\n<tr valign=\"TOP\">\n<td style=\"width: 25%;\" width=\"25%\"><span style=\"font-size: 14pt;\"><strong><span style=\"font-family: Arial, sans-serif;\">2 CHATS<\/span><\/strong><\/span><\/td>\n<td style=\"width: 25.1724%;\" width=\"25%\"><span style=\"font-size: 14pt;\"><strong><span style=\"font-family: Arial, sans-serif;\">34,00 \u20ac<br \/>\n<span style=\"font-size: 10pt;\">(17,00\/chat)<\/span><\/span><\/strong><\/span><\/td>\n<td style=\"width: 24.8276%;\" width=\"25%\"><span style=\"font-size: 14pt;\"><strong><span style=\"font-family: Arial, sans-serif;\">33,00\u20ac<br \/>\n<span style=\"font-size: 10pt;\">(16,50\/chat)<\/span><br \/>\n<\/span><\/strong><\/span><\/td>\n<td style=\"width: 25%;\" width=\"25%\"><span style=\"font-size: 14pt;\"><strong><span style=\"font-family: Arial, sans-serif;\">32,00 \u20ac<br \/>\n<span style=\"font-size: 10pt;\">(16,00\/chat)<\/span><br \/>\n<\/span><\/strong><\/span><\/td>\n<\/tr>\n<tr valign=\"TOP\">\n<td style=\"width: 25%;\" width=\"25%\"><span style=\"font-size: 14pt;\"><strong><span style=\"font-family: Arial, sans-serif;\">3 CHATS<\/span><\/strong><\/span><\/td>\n<td style=\"width: 25.1724%;\" width=\"25%\"><span style=\"font-size: 14pt;\"><strong><span style=\"font-family: Arial, sans-serif;\">49,50 \u20ac<br \/>\n<span style=\"font-size: 10pt;\">(16,50\/chat)<\/span><br \/>\n<\/span><\/strong><\/span><\/td>\n<td style=\"width: 24.8276%;\" width=\"25%\"><span style=\"font-size: 14pt;\"><strong><span style=\"font-family: Arial, sans-serif;\">48,00 \u20ac<br \/>\n<span style=\"font-size: 10pt;\">(16,00\/chat)<\/span><br \/>\n<\/span><\/strong><\/span><\/td>\n<td style=\"width: 25%;\" width=\"25%\"><span style=\"font-size: 14pt;\"><strong><span style=\"font-family: Arial, sans-serif;\">46,50 \u20ac<br \/>\n<span style=\"font-size: 10pt;\">(15,50\/chat)<\/span><br \/>\n<\/span><\/strong><\/span><\/td>\n<\/tr>\n<\/tbody>\n<\/table>\n<p><span style=\"font-family: Arial, sans-serif;\">Le tarif est par nuit\u00e9e, sans d\u00e9passer 24 heures. Au del\u00e0, une nuit\u00e9e suppl\u00e9mentaire sera engag\u00e9e.<\/span><\/p>\n","protected":false},"excerpt":{"rendered":"<p>Voici les tarifs appliqu\u00e9s par la pension Le Temple des Chats, affich\u00e9s en TTC. &nbsp; Nombre de nuits Nombre de chats de 1 \u00e0 7 n de 8 \u00e0 14 n \u00e0 partir de 15 n 1 CHAT 17,50 \u20ac 17,00 \u20ac 16,50 \u20ac 2 CHATS 34,00 \u20ac (17,00\/chat) 33,00\u20ac (16,50\/chat) 32,00 \u20ac (16,00\/chat) 3 &hellip; <\/p>\n<p class=\"link-more\"><a href=\"https:\/\/letempledeschats.fr\/index.php\/tarifs\/\" class=\"more-link\">Continuer la lecture<span class=\"screen-reader-text\"> de &laquo;&nbsp;Les tarifs&nbsp;&raquo;<\/span><\/a><\/p>\n","protected":false},"author":1,"featured_media":271,"parent":0,"menu_order":0,"comment_status":"closed","ping_status":"closed","template":"","meta":{"footnotes":""},"class_list":["post-11","page","type-page","status-publish","has-post-thumbnail","hentry"],"yoast_head":"<!-- This site is optimized with the Yoast SEO plugin v22.7 - https:\/\/yoast.com\/wordpress\/plugins\/seo\/ -->\n<title>Les tarifs - Le Temple Des Chats<\/title>\n<meta name=\"robots\" content=\"index, follow, max-snippet:-1, max-image-preview:large, max-video-preview:-1\" \/>\n<link rel=\"canonical\" href=\"https:\/\/letempledeschats.fr\/index.php\/tarifs\/\" \/>\n<meta property=\"og:locale\" content=\"fr_FR\" \/>\n<meta property=\"og:type\" content=\"article\" \/>\n<meta property=\"og:title\" content=\"Les tarifs - Le Temple Des Chats\" \/>\n<meta property=\"og:description\" content=\"Voici les tarifs appliqu\u00e9s par la pension Le Temple des Chats, affich\u00e9s en TTC. &nbsp; Nombre de nuits Nombre de chats de 1 \u00e0 7 n de 8 \u00e0 14 n \u00e0 partir de 15 n 1 CHAT 17,50 \u20ac 17,00 \u20ac 16,50 \u20ac 2 CHATS 34,00 \u20ac (17,00\/chat) 33,00\u20ac (16,50\/chat) 32,00 \u20ac (16,00\/chat) 3 &hellip; Continuer la lecture de &laquo;&nbsp;Les tarifs&nbsp;&raquo;\" \/>\n<meta property=\"og:url\" content=\"https:\/\/letempledeschats.fr\/index.php\/tarifs\/\" \/>\n<meta property=\"og:site_name\" content=\"Le Temple Des Chats\" \/>\n<meta property=\"article:publisher\" content=\"https:\/\/www.facebook.com\/pensionfeline67\/\" \/>\n<meta property=\"article:modified_time\" content=\"2025-12-16T16:36:12+00:00\" \/>\n<meta property=\"og:image\" content=\"https:\/\/letempledeschats.fr\/wp-content\/uploads\/2021\/03\/bandeau-2.jpg\" \/>\n\t<meta property=\"og:image:width\" content=\"1000\" \/>\n\t<meta property=\"og:image:height\" content=\"444\" \/>\n\t<meta property=\"og:image:type\" content=\"image\/jpeg\" \/>\n<meta name=\"twitter:card\" content=\"summary_large_image\" \/>\n<meta name=\"twitter:label1\" content=\"Dur\u00e9e de lecture estim\u00e9e\" \/>\n\t<meta name=\"twitter:data1\" content=\"1 minute\" \/>\n<script type=\"application\/ld+json\" class=\"yoast-schema-graph\">{\"@context\":\"https:\/\/schema.org\",\"@graph\":[{\"@type\":\"WebPage\",\"@id\":\"https:\/\/letempledeschats.fr\/index.php\/tarifs\/\",\"url\":\"https:\/\/letempledeschats.fr\/index.php\/tarifs\/\",\"name\":\"Les tarifs - Le Temple Des Chats\",\"isPartOf\":{\"@id\":\"https:\/\/letempledeschats.fr\/#website\"},\"primaryImageOfPage\":{\"@id\":\"https:\/\/letempledeschats.fr\/index.php\/tarifs\/#primaryimage\"},\"image\":{\"@id\":\"https:\/\/letempledeschats.fr\/index.php\/tarifs\/#primaryimage\"},\"thumbnailUrl\":\"https:\/\/letempledeschats.fr\/wp-content\/uploads\/2021\/03\/bandeau-2.jpg\",\"datePublished\":\"2019-02-20T19:48:51+00:00\",\"dateModified\":\"2025-12-16T16:36:12+00:00\",\"breadcrumb\":{\"@id\":\"https:\/\/letempledeschats.fr\/index.php\/tarifs\/#breadcrumb\"},\"inLanguage\":\"fr-FR\",\"potentialAction\":[{\"@type\":\"ReadAction\",\"target\":[\"https:\/\/letempledeschats.fr\/index.php\/tarifs\/\"]}]},{\"@type\":\"ImageObject\",\"inLanguage\":\"fr-FR\",\"@id\":\"https:\/\/letempledeschats.fr\/index.php\/tarifs\/#primaryimage\",\"url\":\"https:\/\/letempledeschats.fr\/wp-content\/uploads\/2021\/03\/bandeau-2.jpg\",\"contentUrl\":\"https:\/\/letempledeschats.fr\/wp-content\/uploads\/2021\/03\/bandeau-2.jpg\",\"width\":1000,\"height\":444},{\"@type\":\"BreadcrumbList\",\"@id\":\"https:\/\/letempledeschats.fr\/index.php\/tarifs\/#breadcrumb\",\"itemListElement\":[{\"@type\":\"ListItem\",\"position\":1,\"name\":\"Accueil\",\"item\":\"https:\/\/letempledeschats.fr\/\"},{\"@type\":\"ListItem\",\"position\":2,\"name\":\"Les tarifs\"}]},{\"@type\":\"WebSite\",\"@id\":\"https:\/\/letempledeschats.fr\/#website\",\"url\":\"https:\/\/letempledeschats.fr\/\",\"name\":\"Le Temple Des Chats\",\"description\":\"Pension pour chats \u00e0 Mommenheim\",\"publisher\":{\"@id\":\"https:\/\/letempledeschats.fr\/#organization\"},\"potentialAction\":[{\"@type\":\"SearchAction\",\"target\":{\"@type\":\"EntryPoint\",\"urlTemplate\":\"https:\/\/letempledeschats.fr\/?s={search_term_string}\"},\"query-input\":\"required name=search_term_string\"}],\"inLanguage\":\"fr-FR\"},{\"@type\":\"Organization\",\"@id\":\"https:\/\/letempledeschats.fr\/#organization\",\"name\":\"Le Temple des Chats\",\"url\":\"https:\/\/letempledeschats.fr\/\",\"logo\":{\"@type\":\"ImageObject\",\"inLanguage\":\"fr-FR\",\"@id\":\"https:\/\/letempledeschats.fr\/#\/schema\/logo\/image\/\",\"url\":\"https:\/\/letempledeschats.fr\/wp-content\/uploads\/2019\/02\/Logo-chat-1.jpg\",\"contentUrl\":\"https:\/\/letempledeschats.fr\/wp-content\/uploads\/2019\/02\/Logo-chat-1.jpg\",\"width\":4508,\"height\":2045,\"caption\":\"Le Temple des Chats\"},\"image\":{\"@id\":\"https:\/\/letempledeschats.fr\/#\/schema\/logo\/image\/\"},\"sameAs\":[\"https:\/\/www.facebook.com\/pensionfeline67\/\"]}]}<\/script>\n<!-- \/ Yoast SEO plugin. -->","yoast_head_json":{"title":"Les tarifs - Le Temple Des Chats","robots":{"index":"index","follow":"follow","max-snippet":"max-snippet:-1","max-image-preview":"max-image-preview:large","max-video-preview":"max-video-preview:-1"},"canonical":"https:\/\/letempledeschats.fr\/index.php\/tarifs\/","og_locale":"fr_FR","og_type":"article","og_title":"Les tarifs - Le Temple Des Chats","og_description":"Voici les tarifs appliqu\u00e9s par la pension Le Temple des Chats, affich\u00e9s en TTC. &nbsp; Nombre de nuits Nombre de chats de 1 \u00e0 7 n de 8 \u00e0 14 n \u00e0 partir de 15 n 1 CHAT 17,50 \u20ac 17,00 \u20ac 16,50 \u20ac 2 CHATS 34,00 \u20ac (17,00\/chat) 33,00\u20ac (16,50\/chat) 32,00 \u20ac (16,00\/chat) 3 &hellip; Continuer la lecture de &laquo;&nbsp;Les tarifs&nbsp;&raquo;","og_url":"https:\/\/letempledeschats.fr\/index.php\/tarifs\/","og_site_name":"Le Temple Des Chats","article_publisher":"https:\/\/www.facebook.com\/pensionfeline67\/","article_modified_time":"2025-12-16T16:36:12+00:00","og_image":[{"width":1000,"height":444,"url":"https:\/\/letempledeschats.fr\/wp-content\/uploads\/2021\/03\/bandeau-2.jpg","type":"image\/jpeg"}],"twitter_card":"summary_large_image","twitter_misc":{"Dur\u00e9e de lecture estim\u00e9e":"1 minute"},"schema":{"@context":"https:\/\/schema.org","@graph":[{"@type":"WebPage","@id":"https:\/\/letempledeschats.fr\/index.php\/tarifs\/","url":"https:\/\/letempledeschats.fr\/index.php\/tarifs\/","name":"Les tarifs - Le Temple Des Chats","isPartOf":{"@id":"https:\/\/letempledeschats.fr\/#website"},"primaryImageOfPage":{"@id":"https:\/\/letempledeschats.fr\/index.php\/tarifs\/#primaryimage"},"image":{"@id":"https:\/\/letempledeschats.fr\/index.php\/tarifs\/#primaryimage"},"thumbnailUrl":"https:\/\/letempledeschats.fr\/wp-content\/uploads\/2021\/03\/bandeau-2.jpg","datePublished":"2019-02-20T19:48:51+00:00","dateModified":"2025-12-16T16:36:12+00:00","breadcrumb":{"@id":"https:\/\/letempledeschats.fr\/index.php\/tarifs\/#breadcrumb"},"inLanguage":"fr-FR","potentialAction":[{"@type":"ReadAction","target":["https:\/\/letempledeschats.fr\/index.php\/tarifs\/"]}]},{"@type":"ImageObject","inLanguage":"fr-FR","@id":"https:\/\/letempledeschats.fr\/index.php\/tarifs\/#primaryimage","url":"https:\/\/letempledeschats.fr\/wp-content\/uploads\/2021\/03\/bandeau-2.jpg","contentUrl":"https:\/\/letempledeschats.fr\/wp-content\/uploads\/2021\/03\/bandeau-2.jpg","width":1000,"height":444},{"@type":"BreadcrumbList","@id":"https:\/\/letempledeschats.fr\/index.php\/tarifs\/#breadcrumb","itemListElement":[{"@type":"ListItem","position":1,"name":"Accueil","item":"https:\/\/letempledeschats.fr\/"},{"@type":"ListItem","position":2,"name":"Les tarifs"}]},{"@type":"WebSite","@id":"https:\/\/letempledeschats.fr\/#website","url":"https:\/\/letempledeschats.fr\/","name":"Le Temple Des Chats","description":"Pension pour chats \u00e0 Mommenheim","publisher":{"@id":"https:\/\/letempledeschats.fr\/#organization"},"potentialAction":[{"@type":"SearchAction","target":{"@type":"EntryPoint","urlTemplate":"https:\/\/letempledeschats.fr\/?s={search_term_string}"},"query-input":"required name=search_term_string"}],"inLanguage":"fr-FR"},{"@type":"Organization","@id":"https:\/\/letempledeschats.fr\/#organization","name":"Le Temple des Chats","url":"https:\/\/letempledeschats.fr\/","logo":{"@type":"ImageObject","inLanguage":"fr-FR","@id":"https:\/\/letempledeschats.fr\/#\/schema\/logo\/image\/","url":"https:\/\/letempledeschats.fr\/wp-content\/uploads\/2019\/02\/Logo-chat-1.jpg","contentUrl":"https:\/\/letempledeschats.fr\/wp-content\/uploads\/2019\/02\/Logo-chat-1.jpg","width":4508,"height":2045,"caption":"Le Temple des Chats"},"image":{"@id":"https:\/\/letempledeschats.fr\/#\/schema\/logo\/image\/"},"sameAs":["https:\/\/www.facebook.com\/pensionfeline67\/"]}]}},"_links":{"self":[{"href":"https:\/\/letempledeschats.fr\/index.php\/wp-json\/wp\/v2\/pages\/11","targetHints":{"allow":["GET"]}}],"collection":[{"href":"https:\/\/letempledeschats.fr\/index.php\/wp-json\/wp\/v2\/pages"}],"about":[{"href":"https:\/\/letempledeschats.fr\/index.php\/wp-json\/wp\/v2\/types\/page"}],"author":[{"embeddable":true,"href":"https:\/\/letempledeschats.fr\/index.php\/wp-json\/wp\/v2\/users\/1"}],"replies":[{"embeddable":true,"href":"https:\/\/letempledeschats.fr\/index.php\/wp-json\/wp\/v2\/comments?post=11"}],"version-history":[{"count":18,"href":"https:\/\/letempledeschats.fr\/index.php\/wp-json\/wp\/v2\/pages\/11\/revisions"}],"predecessor-version":[{"id":420,"href":"https:\/\/letempledeschats.fr\/index.php\/wp-json\/wp\/v2\/pages\/11\/revisions\/420"}],"wp:featuredmedia":[{"embeddable":true,"href":"https:\/\/letempledeschats.fr\/index.php\/wp-json\/wp\/v2\/media\/271"}],"wp:attachment":[{"href":"https:\/\/letempledeschats.fr\/index.php\/wp-json\/wp\/v2\/media?parent=11"}],"curies":[{"name":"wp","href":"https:\/\/api.w.org\/{rel}","templated":true}]}}